{"id":7015,"date":"2026-02-04T13:34:21","date_gmt":"2026-02-04T12:34:21","guid":{"rendered":"https:\/\/fenixteam.pl\/?post_type=product&#038;p=7015"},"modified":"2026-03-31T22:52:46","modified_gmt":"2026-03-31T20:52:46","slug":"stage-ready-npc-seminar-camp","status":"publish","type":"product","link":"https:\/\/fenixteam.pl\/en\/sklep\/stage-ready-npc-seminar-camp\/","title":{"rendered":"STAGE READY NPC SEMINAR CAMP"},"content":{"rendered":"","protected":false},"excerpt":{"rendered":"<h6>STAGE READY NPC SEMINAR CAMP (FIT MODEL, BIKINI, WELLNESS)<\/h6>\n<ul>\n<li>Data: 13 &#8211; 15.03.2026 (mo\u017cliwo\u015b\u0107 przyjazdu tylko na jeden wybrany dzie\u0144)<\/li>\n<li>Miejsce:\u00a0 Hotel Re\u015bli\u0144ski &amp; Si\u0142ownia Re\u015bli\u0144ski Gymness (GRODZISK WIELKOPOLSKI)<\/li>\n<li>Prowadz\u0105cy: NPC\/IFBB Pro coach Norbert Tymczak &amp; IFBB PRO BIKINI Ewelina Szala &#8211; Tymczak<\/li>\n<\/ul>\n<h3 data-start=\"458\" data-end=\"490\">Dla kogo jest to wydarzenie?<\/h3>\n<ul data-start=\"491\" data-end=\"798\">\n<li data-start=\"491\" data-end=\"544\">\n<p data-start=\"493\" data-end=\"544\">dla kobiet <strong data-start=\"504\" data-end=\"526\">planuj\u0105cych starty<\/strong> w federacji NPC<\/p>\n<\/li>\n<li data-start=\"491\" data-end=\"544\">\n<p data-start=\"493\" data-end=\"544\">dla <strong data-start=\"551\" data-end=\"576\">aktywnych zawodniczek<\/strong>, kt\u00f3re chc\u0105 wej\u015b\u0107 na wy\u017cszy poziom<\/p>\n<\/li>\n<li data-start=\"614\" data-end=\"699\">\n<p data-start=\"616\" data-end=\"699\">dla os\u00f3b, kt\u00f3re chc\u0105 <strong data-start=\"637\" data-end=\"666\">zrozumie\u0107 scen\u0119 od \u015brodka<\/strong>, a nie tylko \u201eprzetrwa\u0107 start\u201d<\/p>\n<\/li>\n<li data-start=\"700\" data-end=\"798\">\n<p data-start=\"702\" data-end=\"798\">dla tych, kt\u00f3re szukaj\u0105 <strong data-start=\"726\" data-end=\"757\">kompleksowego przygotowania<\/strong>: cia\u0142a, g\u0142owy i prezentacji scenicznej<\/p>\n<\/li>\n<\/ul>\n<h3 data-start=\"805\" data-end=\"821\">Dlaczego my?<\/h3>\n<p data-start=\"822\" data-end=\"1053\">\ud83d\udc49 <strong data-start=\"825\" data-end=\"853\">Jeste\u015bmy jedyni w Polsce<\/strong>, kt\u00f3rzy organizuj\u0105 tego typu wydarzenie w formule <strong data-start=\"904\" data-end=\"925\">seminarium + camp<\/strong><br data-start=\"925\" data-end=\"928\" \/>\ud83d\udc49 \u0141\u0105czymy <strong data-start=\"939\" data-end=\"980\">wiedz\u0119 eksperck\u0105 z praktyk\u0105 sceniczn\u0105<\/strong><br data-start=\"980\" data-end=\"983\" \/>\ud83d\udc49 Pracujemy kompleksowo: <strong data-start=\"1009\" data-end=\"1053\">trening \u2013 pozowanie \u2013 mental \u2013 mentoring<\/strong><\/p>\n<p data-start=\"1055\" data-end=\"1147\">To nie jest zwyk\u0142e seminarium.<br data-start=\"1085\" data-end=\"1088\" \/>To <strong data-start=\"1091\" data-end=\"1108\">do\u015bwiadczenie<\/strong>, kt\u00f3re realnie przygotowuje zawodniczk\u0119 do startu.<\/p>\n<h4 data-start=\"822\" data-end=\"1053\"><strong>Co czeka uczestniczki?<\/strong><\/h4>\n<p>Zaplanowali\u015bmy bardzo intensywne i warto\u015bciowe 3 dni (pi\u0105tek, sobota, niedziela 13-15.03.2026), ale mo\u017cesz wybra\u0107 r\u00f3wnie\u017c tylko jeden lub dwa dni, na kt\u00f3rych ci zale\u017cy, aby uczestniczy\u0107.<\/p>\n<p><em><strong>Oto poni\u017cej plan, co dla ciebie przygotowali\u015bmy ka\u017cdego dnia:<\/strong><\/em><\/p>\n<p><strong>PI\u0104TEK 13.03.2026 (trening wieczorny + mentoring)<\/strong><\/p>\n<ul>\n<li>Zaczynamy od godz. 17:00.<\/li>\n<li>Trening g\u00f3rnych partii cia\u0142a pod okiem Norberta i Eweliny (si\u0142ownia RE\u015aLI\u0143SKI GYMNESS)+ mentoring (1 godzina) po treningu (sala konferencyjna Hotel Re\u015bli\u0144ski)<\/li>\n<li>koszt: 200 z\u0142<\/li>\n<li>ograniczona ilo\u015b\u0107 miejsc!<\/li>\n<\/ul>\n<p><strong>SOBOTA 14.03.2026\u00a0(pozowanie + wyk\u0142ad + fit kolacja dla ch\u0119tnych)<\/strong><\/p>\n<ul>\n<li>zaczynamy godz. 10:30 (sala konferencyjna Hotel Re\u015bli\u0144ski)<\/li>\n<li>dob\u00f3r odpowiednich p\u00f3z do twojej sylwetki<\/li>\n<li>przej\u015bcia i zwroty (r\u00f3\u017cnica mi\u0119dzy przej\u015bciami w por\u00f3wnaniach a przej\u015bciami w uk\u0142adzie indywidualnym)<\/li>\n<li>umiej\u0119tno\u015b\u0107 poruszania si\u0119 po scenie w obuwiu scenicznym<\/li>\n<li>przygotowanie rutyny (uk\u0142ad indywidualny)<\/li>\n<li>przebieg zawod\u00f3w<\/li>\n<li>kryteria oceny s\u0119dziowskiej<\/li>\n<li>om\u00f3wimy najcz\u0119\u015bciej pope\u0142niane b\u0142\u0119dy na scenie<\/li>\n<li>budowanie wizerunku scenicznego<\/li>\n<li>dob\u00f3r stroju, obuwia<\/li>\n<li>dob\u00f3r odpowiedniej kategorii do sylwetki<\/li>\n<li>planowanie sezonu startowego<\/li>\n<li>peak week<\/li>\n<li>najcz\u0119\u015bciej pope\u0142niane b\u0142\u0119dy podczas przygotowa\u0144<\/li>\n<li>regeneracja podczas przygotowa\u0144<\/li>\n<li>tematy tabu dotycz\u0105ce dodatkowego wspomagania podczas przygotowa\u0144<\/li>\n<li>zdrowie psychiczne i wsparcie mentalne jako wa\u017cny czynnik w trakcie przygotowa\u0144<\/li>\n<li>co dzieje si\u0119 z organizmem zawodniczki po zawodach?<\/li>\n<li>czas na wasze pytania<\/li>\n<li>koszt 380 z\u0142<\/li>\n<li>FIT KOLACJA w formie bufetu godz. 19:00 (dla ch\u0119tnych oraz os\u00f3b towarzysz\u0105cych).Przyk\u0142adowe menu: (ry\u017c na sypko, pieczone ziemniaki , warzywa grillowane, \u00a0\u015bwie\u017ce warzywa mix , filet z kurczaka 200g, \u00a0dorsz soute 200g, \u00a0stek z mielonego rostbefu 200g, \u00a0lekki sos z siekanych pomidor\u00f3w na ciep\u0142o. Koszt 70 z\u0142.<\/li>\n<\/ul>\n<p><strong>NIEDZIELA 15.03.2026 (Poranny trening + mentoring)<\/strong><\/p>\n<ul>\n<li>Zaczynamy od godz. 10:00.<\/li>\n<li>Trening dolnych partii cia\u0142a pod okiem Norberta i Eweliny (si\u0142ownia RE\u015aLI\u0143SKI GYMNESS)+ mentoring (1 godzina) po treningu (sala konferencyjna Hotel Re\u015bli\u0144ski)<\/li>\n<li>koszt: 200 z\u0142<\/li>\n<li>ograniczona ilo\u015b\u0107 miejsc<\/li>\n<\/ul>\n<p>&nbsp;<\/p>\n<p><strong>DECYDUJ\u0104C SI\u0118 NA UDZIA\u0141 W NASZYM WYDARZENIU, MO\u017bESZ WYBRA\u0106 DNI, NA KT\u00d3RYCH ZALE\u017bY TOBIE NAJBARDZIEJ. MASZ DO WYBORU:<\/strong><\/p>\n<ul>\n<li>PI\u0104TEK 03.2026 (trening wieczorny + mentoring) 200 Z\u0141<\/li>\n<li>SOBOTA 14.03.2026 (pozowanie + wyk\u0142ad + fit kolacja dla ch\u0119tnych) 380 Z\u0141<\/li>\n<li>NIEDZIELA 15.03.2026 (Poranny trening + mentoring) 200 Z\u0141<\/li>\n<li>PI\u0104TEK + SOBOTA 550 Z\u0141<\/li>\n<li>SOBOTA + NIEDZIELA 550 Z\u0141<\/li>\n<li>FULL SERVICE (PI\u0104TEK + SOBOTA + NIEDZIELA) 690 Z\u0141<\/li>\n<li>FIT KOLACJA (dla ch\u0119tnych i os\u00f3b towarzysz\u0105cych) 70 z\u0142\/os<\/li>\n<\/ul>\n<p>!<strong>!! UPOMINKI DLA KA\u017bDEJ UCZESTNICZKI NASZEGO WYDARZENIA!!!<\/strong><\/p>\n<p><strong>PARTNERZY NASZEGO WYDARZENIA:<\/strong><\/p>\n<ul>\n<li>Hotel Re\u015bli\u0144ski <a href=\"https:\/\/hotelreslinski.pl\/\">https:\/\/hotelreslinski.pl\/<\/a><\/li>\n<li>Si\u0142ownia Re\u015bli\u0144ski Gymness <a href=\"https:\/\/gymness.pl\/\">https:\/\/gymness.pl\/<\/a><\/li>\n<li>Team Fenix <a href=\"https:\/\/fenixteam.pl\/\">https:\/\/fenixteam.pl\/<\/a><\/li>\n<li>BioLab <a href=\"https:\/\/biolabshop.pl\/\">https:\/\/biolabshop.pl\/<\/a><\/li>\n<li>Marti Bikini <a href=\"https:\/\/www.marti-store.pl\/\">https:\/\/www.marti-store.pl\/<\/a><\/li>\n<li>Anna Lukas Stage Look <a href=\"https:\/\/www.annalukas-stagelook.com\/\">https:\/\/www.annalukas-stagelook.com\/<\/a><\/li>\n<li>NPC Poland <a href=\"https:\/\/ifbbpro.com.pl\/\">https:\/\/ifbbpro.com.pl\/<\/a><\/li>\n<\/ul>\n<p>&nbsp;<\/p>\n<p><strong><u>NOCLEG:<\/u> KA\u017bDA UCZESTNICZKA REZERWUJE NOCLEG WE W\u0141ASNYM ZAKRESIE (has\u0142o: FENIX SEMINARIUM)<\/strong><\/p>\n<p>Hotel Re\u015bli\u0144ski<\/p>\n<p>Nowa 27, 62-065 Grodzisk Wielkopolski<\/p>\n<p>Tel.: +48 61 44 21 139 w.1<\/p>\n<p>+48 519 513 308<\/p>\n<p><a href=\"mailto:hotel@reslinski.pl\">hotel@reslinski.pl<\/a><\/p>\n<p>pok\u00f3j 1 os. &#8211; 260 pln \/ doba<\/p>\n<p>pok\u00f3j 2 os. &#8211; 360 pln \/ doba<\/p>\n<p>pok\u00f3j 3 os. &#8211; 420 pln \/ doba<\/p>\n<p>Apartament (2-3os.) &#8211; 460 pln \/ doba<\/p>\n<p>* w cenie pokoi \u015bniadanie w formie bogatego bufetu, nielimitowane wej\u015bcia na basen oraz dost\u0119p do si\u0142owni Re\u015bli\u0144ski Gymness (si\u0142ownia czynna w pi\u0105tek do 23:00, sb-nd 6:00 &#8211; 21:00), p\u00f3\u017aniejsze wymeldowanie (do godz. 16:00 dla uczestnik\u00f3w)<\/p>\n<p>&nbsp;<\/p>\n<p><strong>Strefa regeneracji &amp; komfortu<\/strong><\/p>\n<p>W czasie wolnym wszyscy uczestnicy maj\u0105 dost\u0119p do:<\/p>\n<p>\ud83c\udfca basenu<\/p>\n<p>\ud83c\udfcb\ufe0f\u200d\u2640\ufe0f si\u0142owni<\/p>\n<p>\ud83d\udd25 sauny<\/p>\n<p>\ud83d\udca6 jacuzzi<\/p>\n<p>Bo regeneracja jest tak samo wa\u017cna jak trening.<\/p>\n<p>&nbsp;<\/p>\n<p><strong>Co zyskujesz?<\/strong><\/p>\n<p>\u2714 realn\u0105 wiedz\u0119, a nie teori\u0119 z internetu<\/p>\n<p>\u2714 praktyczne umiej\u0119tno\u015bci sceniczne<\/p>\n<p>\u2714 pewno\u015b\u0107 siebie na scenie<\/p>\n<p>\u2714 wsparcie i mentoring<\/p>\n<p>\u2714 do\u015bwiadczenie, kt\u00f3re procentuje w kolejnych startach<\/p>\n<p>&nbsp;<\/p>\n<p>*** W przypadku rezygnacji z udzia\u0142u w wydarzeniu dokonanej na 7 dni lub mniej przed dat\u0105 rozpocz\u0119cia wydarzenia, uczestnikowi nie przys\u0142uguje zwrot poniesionych koszt\u00f3w ani ca\u0142o\u015bci, ani cz\u0119\u015bci op\u0142aty za udzia\u0142 w wydarzeniu.<\/p>\n<p>Rezygnacja zg\u0142oszona po tym terminie nie uprawnia do zwrotu \u015brodk\u00f3w, niezale\u017cnie od przyczyny rezygnacji, w tym zdarze\u0144 losowych.<\/p>\n<p>&nbsp;<\/p>\n<p>&nbsp;<\/p>\n<p>&nbsp;<\/p>\n","protected":false},"featured_media":7013,"comment_status":"open","ping_status":"closed","template":"","meta":{"inline_featured_image":false,"site-sidebar-layout":"default","site-content-layout":"","ast-site-content-layout":"default","site-content-style":"default","site-sidebar-style":"default","ast-global-header-display":"","ast-banner-title-visibility":"","ast-main-header-display":"","ast-hfb-above-header-display":"","ast-hfb-below-header-display":"","ast-hfb-mobile-header-display":"","site-post-title":"","ast-breadcrumbs-content":"","ast-featured-img":"","footer-sml-layout":"","ast-disable-related-posts":"","theme-transparent-header-meta":"default","adv-header-id-meta":"","stick-header-meta":"","header-above-stick-meta":"","header-main-stick-meta":"","header-below-stick-meta":"","astra-migrate-meta-layouts":"set","ast-page-background-enabled":"default","ast-page-background-meta":{"desktop":{"background-color":"var(--ast-global-color-4)","background-image":"","background-repeat":"repeat","background-position":"center center","background-size":"auto","background-attachment":"scroll","background-type":"","background-media":"","overlay-type":"","overlay-color":"","overlay-opacity":"","overlay-gradient":""},"tablet":{"background-color":"","background-image":"","background-repeat":"repeat","background-position":"center center","background-size":"auto","background-attachment":"scroll","background-type":"","background-media":"","overlay-type":"","overlay-color":"","overlay-opacity":"","overlay-gradient":""},"mobile":{"background-color":"","background-image":"","background-repeat":"repeat","background-position":"center center","background-size":"auto","background-attachment":"scroll","background-type":"","background-media":"","overlay-type":"","overlay-color":"","overlay-opacity":"","overlay-gradient":""}},"ast-content-background-meta":{"desktop":{"background-color":"var(--ast-global-color-5)","background-image":"","background-repeat":"repeat","background-position":"center center","background-size":"auto","background-attachment":"scroll","background-type":"","background-media":"","overlay-type":"","overlay-color":"","overlay-opacity":"","overlay-gradient":""},"tablet":{"background-color":"var(--ast-global-color-5)","background-image":"","background-repeat":"repeat","background-position":"center center","background-size":"auto","background-attachment":"scroll","background-type":"","background-media":"","overlay-type":"","overlay-color":"","overlay-opacity":"","overlay-gradient":""},"mobile":{"background-color":"var(--ast-global-color-5)","background-image":"","background-repeat":"repeat","background-position":"center center","background-size":"auto","background-attachment":"scroll","background-type":"","background-media":"","overlay-type":"","overlay-color":"","overlay-opacity":"","overlay-gradient":""}}},"product_brand":[],"product_cat":[46],"product_tag":[],"class_list":{"0":"post-7015","1":"product","2":"type-product","3":"status-publish","4":"has-post-thumbnail","6":"product_cat-workshops-and-training","7":"desktop-align-left","8":"tablet-align-left","9":"mobile-align-left","11":"first","12":"outofstock","13":"purchasable","14":"product-type-variable"},"_links":{"self":[{"href":"https:\/\/fenixteam.pl\/en\/wp-json\/wp\/v2\/product\/7015","targetHints":{"allow":["GET"]}}],"collection":[{"href":"https:\/\/fenixteam.pl\/en\/wp-json\/wp\/v2\/product"}],"about":[{"href":"https:\/\/fenixteam.pl\/en\/wp-json\/wp\/v2\/types\/product"}],"replies":[{"embeddable":true,"href":"https:\/\/fenixteam.pl\/en\/wp-json\/wp\/v2\/comments?post=7015"}],"wp:featuredmedia":[{"embeddable":true,"href":"https:\/\/fenixteam.pl\/en\/wp-json\/wp\/v2\/media\/7013"}],"wp:attachment":[{"href":"https:\/\/fenixteam.pl\/en\/wp-json\/wp\/v2\/media?parent=7015"}],"wp:term":[{"taxonomy":"product_brand","embeddable":true,"href":"https:\/\/fenixteam.pl\/en\/wp-json\/wp\/v2\/product_brand?post=7015"},{"taxonomy":"product_cat","embeddable":true,"href":"https:\/\/fenixteam.pl\/en\/wp-json\/wp\/v2\/product_cat?post=7015"},{"taxonomy":"product_tag","embeddable":true,"href":"https:\/\/fenixteam.pl\/en\/wp-json\/wp\/v2\/product_tag?post=7015"}],"curies":[{"name":"wp","href":"https:\/\/api.w.org\/{rel}","templated":true}]}}