{"id":6989,"date":"2026-01-24T21:19:57","date_gmt":"2026-01-24T20:19:57","guid":{"rendered":"https:\/\/fenixteam.pl\/?post_type=product&#038;p=6989"},"modified":"2026-03-12T17:41:39","modified_gmt":"2026-03-12T16:41:39","slug":"recznik-z-mikrofibry-dwustronny-team-fenix","status":"publish","type":"product","link":"https:\/\/fenixteam.pl\/en\/sklep\/recznik-z-mikrofibry-dwustronny-team-fenix\/","title":{"rendered":"R\u0119cznik z mikrofibry dwustronny TEAM FENIX"},"content":{"rendered":"","protected":false},"excerpt":{"rendered":"<p><strong>R\u0119cznik z mikrofibry<\/strong> dost\u0119pny jest w rozmiarze 50 x 100 cm. Certyfikat Oeko-Tex Standard 100 gwarantuje poczucie jako\u015bci i bezpiecze\u0144stwa. Materia\u0142 jest mi\u0119kki i delikatny dla sk\u00f3ry.<\/p>\n<p><strong>R\u0119cznik szybkoschn\u0105cy <\/strong>\u00a0 dlatego te\u017c doskonale wch\u0142ania wod\u0119, szybko i skutecznie osusza po k\u0105pieli lub prysznicu.<\/p>\n<p>Kolor czarny (logo Team Fenix z obu stron w kolorze bia\u0142ym i z\u0142otym)<\/p>\n<p><strong>G\u0142\u00f3wne cechy produktu:<\/strong><\/p>\n<ul>\n<li>Posiada certyfikat Oeko-Tex Standard<\/li>\n<li>Sk\u0142ad materia\u0142u: 88% poliestru i 12% poliamidu<\/li>\n<li>Delikatny i mi\u0119kki dla sk\u00f3ry<\/li>\n<li>Szybkoschn\u0105ca formu\u0142a<\/li>\n<li>Zajmuje ma\u0142o miejsca<\/li>\n<li>Idealny\u00a0 na si\u0142owni\u0119<\/li>\n<\/ul>\n<div class=\"portfolio_navigation\">\n<div class=\"portfolio_navigation_inner\">\n<div class=\"portfolio_next\"><strong>Dost\u0119pny rozmiar (w cm):<\/strong><\/div>\n<ul>\n<li class=\"portfolio_next\">50&#215;100<\/li>\n<\/ul>\n<\/div>\n<\/div>\n","protected":false},"featured_media":6990,"comment_status":"open","ping_status":"closed","template":"","meta":{"inline_featured_image":false,"site-sidebar-layout":"default","site-content-layout":"","ast-site-content-layout":"default","site-content-style":"default","site-sidebar-style":"default","ast-global-header-display":"","ast-banner-title-visibility":"","ast-main-header-display":"","ast-hfb-above-header-display":"","ast-hfb-below-header-display":"","ast-hfb-mobile-header-display":"","site-post-title":"","ast-breadcrumbs-content":"","ast-featured-img":"","footer-sml-layout":"","ast-disable-related-posts":"","theme-transparent-header-meta":"default","adv-header-id-meta":"","stick-header-meta":"","header-above-stick-meta":"","header-main-stick-meta":"","header-below-stick-meta":"","astra-migrate-meta-layouts":"set","ast-page-background-enabled":"default","ast-page-background-meta":{"desktop":{"background-color":"var(--ast-global-color-4)","background-image":"","background-repeat":"repeat","background-position":"center center","background-size":"auto","background-attachment":"scroll","background-type":"","background-media":"","overlay-type":"","overlay-color":"","overlay-opacity":"","overlay-gradient":""},"tablet":{"background-color":"","background-image":"","background-repeat":"repeat","background-position":"center center","background-size":"auto","background-attachment":"scroll","background-type":"","background-media":"","overlay-type":"","overlay-color":"","overlay-opacity":"","overlay-gradient":""},"mobile":{"background-color":"","background-image":"","background-repeat":"repeat","background-position":"center center","background-size":"auto","background-attachment":"scroll","background-type":"","background-media":"","overlay-type":"","overlay-color":"","overlay-opacity":"","overlay-gradient":""}},"ast-content-background-meta":{"desktop":{"background-color":"var(--ast-global-color-5)","background-image":"","background-repeat":"repeat","background-position":"center center","background-size":"auto","background-attachment":"scroll","background-type":"","background-media":"","overlay-type":"","overlay-color":"","overlay-opacity":"","overlay-gradient":""},"tablet":{"background-color":"var(--ast-global-color-5)","background-image":"","background-repeat":"repeat","background-position":"center center","background-size":"auto","background-attachment":"scroll","background-type":"","background-media":"","overlay-type":"","overlay-color":"","overlay-opacity":"","overlay-gradient":""},"mobile":{"background-color":"var(--ast-global-color-5)","background-image":"","background-repeat":"repeat","background-position":"center center","background-size":"auto","background-attachment":"scroll","background-type":"","background-media":"","overlay-type":"","overlay-color":"","overlay-opacity":"","overlay-gradient":""}}},"product_brand":[],"product_cat":[26],"product_tag":[65],"class_list":{"0":"post-6989","1":"product","2":"type-product","3":"status-publish","4":"has-post-thumbnail","6":"product_cat-akcesoria","7":"product_tag-trening","8":"desktop-align-left","9":"tablet-align-left","10":"mobile-align-left","12":"first","13":"instock","14":"shipping-taxable","15":"purchasable","16":"product-type-simple"},"_links":{"self":[{"href":"https:\/\/fenixteam.pl\/en\/wp-json\/wp\/v2\/product\/6989","targetHints":{"allow":["GET"]}}],"collection":[{"href":"https:\/\/fenixteam.pl\/en\/wp-json\/wp\/v2\/product"}],"about":[{"href":"https:\/\/fenixteam.pl\/en\/wp-json\/wp\/v2\/types\/product"}],"replies":[{"embeddable":true,"href":"https:\/\/fenixteam.pl\/en\/wp-json\/wp\/v2\/comments?post=6989"}],"wp:featuredmedia":[{"embeddable":true,"href":"https:\/\/fenixteam.pl\/en\/wp-json\/wp\/v2\/media\/6990"}],"wp:attachment":[{"href":"https:\/\/fenixteam.pl\/en\/wp-json\/wp\/v2\/media?parent=6989"}],"wp:term":[{"taxonomy":"product_brand","embeddable":true,"href":"https:\/\/fenixteam.pl\/en\/wp-json\/wp\/v2\/product_brand?post=6989"},{"taxonomy":"product_cat","embeddable":true,"href":"https:\/\/fenixteam.pl\/en\/wp-json\/wp\/v2\/product_cat?post=6989"},{"taxonomy":"product_tag","embeddable":true,"href":"https:\/\/fenixteam.pl\/en\/wp-json\/wp\/v2\/product_tag?post=6989"}],"curies":[{"name":"wp","href":"https:\/\/api.w.org\/{rel}","templated":true}]}}