{"id":6414,"date":"2025-06-26T17:33:29","date_gmt":"2025-06-26T15:33:29","guid":{"rendered":"https:\/\/fenixteam.pl\/?post_type=product&#038;p=6414"},"modified":"2025-06-26T17:33:30","modified_gmt":"2025-06-26T15:33:30","slug":"nebbia-biustonosz-sportowy-ze-srednim-wsparciem-totally-seamless-blue","status":"publish","type":"product","link":"https:\/\/fenixteam.pl\/en\/sklep\/nebbia-biustonosz-sportowy-ze-srednim-wsparciem-totally-seamless-blue\/","title":{"rendered":"NEBBIA &#8211; Biustonosz Sportowy Ze \u015arednim Wsparciem TOTALLY SEAMLESS BLUE"},"content":{"rendered":"<p>Wygodny. Modeluj\u0105cy. I piekielnie uroczy. Ten bezszwowy biustonosz ma wszystko \u2013 otwarte krzy\u017cuj\u0105ce si\u0119 plecy dla wentylacji i charakteru, wyjmowane wk\u0142adki oraz regulowane rami\u0105czka dopasowane do twojego stylu. \u015arednie wsparcie, wi\u0119cej obj\u0119to\u015bci z przodu. Teraz tylko dobierz pasuj\u0105ce legginsy i jeste\u015b gotowa.<\/p>\n<p>Efekt pe\u0142niejszego przodu<br \/>\nUltrag\u0142adki, lekki materia\u0142 \u2013 jak druga sk\u00f3ra<br \/>\nZero prze\u015bwit\u00f3w. Maksimum pewno\u015bci siebie.<\/p>\n<p>UWAGA!!! Wysy\u0142ka 3-10 dni roboczych.<\/p>\n","protected":false},"excerpt":{"rendered":"<p>Wygodny. Modeluj\u0105cy. I piekielnie uroczy. Ten bezszwowy biustonosz ma wszystko \u2013 otwarte krzy\u017cuj\u0105ce si\u0119 plecy dla wentylacji i charakteru, wyjmowane wk\u0142adki oraz regulowane rami\u0105czka dopasowane do twojego stylu. \u015arednie wsparcie, wi\u0119cej obj\u0119to\u015bci z przodu. Teraz tylko dobierz pasuj\u0105ce legginsy i jeste\u015b gotowa. Efekt pe\u0142niejszego przodu Ultrag\u0142adki, lekki materia\u0142 \u2013 jak druga sk\u00f3ra Zero prze\u015bwit\u00f3w. Maksimum [&hellip;]<\/p>\n","protected":false},"featured_media":6425,"comment_status":"open","ping_status":"closed","template":"","meta":{"inline_featured_image":false,"site-sidebar-layout":"default","site-content-layout":"","ast-site-content-layout":"default","site-content-style":"default","site-sidebar-style":"default","ast-global-header-display":"","ast-banner-title-visibility":"","ast-main-header-display":"","ast-hfb-above-header-display":"","ast-hfb-below-header-display":"","ast-hfb-mobile-header-display":"","site-post-title":"","ast-breadcrumbs-content":"","ast-featured-img":"","footer-sml-layout":"","ast-disable-related-posts":"","theme-transparent-header-meta":"default","adv-header-id-meta":"","stick-header-meta":"","header-above-stick-meta":"","header-main-stick-meta":"","header-below-stick-meta":"","astra-migrate-meta-layouts":"set","ast-page-background-enabled":"default","ast-page-background-meta":{"desktop":{"background-color":"var(--ast-global-color-4)","background-image":"","background-repeat":"repeat","background-position":"center center","background-size":"auto","background-attachment":"scroll","background-type":"","background-media":"","overlay-type":"","overlay-color":"","overlay-opacity":"","overlay-gradient":""},"tablet":{"background-color":"","background-image":"","background-repeat":"repeat","background-position":"center center","background-size":"auto","background-attachment":"scroll","background-type":"","background-media":"","overlay-type":"","overlay-color":"","overlay-opacity":"","overlay-gradient":""},"mobile":{"background-color":"","background-image":"","background-repeat":"repeat","background-position":"center center","background-size":"auto","background-attachment":"scroll","background-type":"","background-media":"","overlay-type":"","overlay-color":"","overlay-opacity":"","overlay-gradient":""}},"ast-content-background-meta":{"desktop":{"background-color":"var(--ast-global-color-5)","background-image":"","background-repeat":"repeat","background-position":"center center","background-size":"auto","background-attachment":"scroll","background-type":"","background-media":"","overlay-type":"","overlay-color":"","overlay-opacity":"","overlay-gradient":""},"tablet":{"background-color":"var(--ast-global-color-5)","background-image":"","background-repeat":"repeat","background-position":"center center","background-size":"auto","background-attachment":"scroll","background-type":"","background-media":"","overlay-type":"","overlay-color":"","overlay-opacity":"","overlay-gradient":""},"mobile":{"background-color":"var(--ast-global-color-5)","background-image":"","background-repeat":"repeat","background-position":"center center","background-size":"auto","background-attachment":"scroll","background-type":"","background-media":"","overlay-type":"","overlay-color":"","overlay-opacity":"","overlay-gradient":""}}},"product_brand":[],"product_cat":[54,61,122],"product_tag":[],"class_list":{"0":"post-6414","1":"product","2":"type-product","3":"status-publish","4":"has-post-thumbnail","6":"product_cat-topy","7":"product_cat-sale","8":"product_cat-nebbia","9":"desktop-align-left","10":"tablet-align-left","11":"mobile-align-left","13":"first","14":"instock","15":"sale","16":"shipping-taxable","17":"purchasable","18":"product-type-variable"},"_links":{"self":[{"href":"https:\/\/fenixteam.pl\/en\/wp-json\/wp\/v2\/product\/6414","targetHints":{"allow":["GET"]}}],"collection":[{"href":"https:\/\/fenixteam.pl\/en\/wp-json\/wp\/v2\/product"}],"about":[{"href":"https:\/\/fenixteam.pl\/en\/wp-json\/wp\/v2\/types\/product"}],"replies":[{"embeddable":true,"href":"https:\/\/fenixteam.pl\/en\/wp-json\/wp\/v2\/comments?post=6414"}],"wp:featuredmedia":[{"embeddable":true,"href":"https:\/\/fenixteam.pl\/en\/wp-json\/wp\/v2\/media\/6425"}],"wp:attachment":[{"href":"https:\/\/fenixteam.pl\/en\/wp-json\/wp\/v2\/media?parent=6414"}],"wp:term":[{"taxonomy":"product_brand","embeddable":true,"href":"https:\/\/fenixteam.pl\/en\/wp-json\/wp\/v2\/product_brand?post=6414"},{"taxonomy":"product_cat","embeddable":true,"href":"https:\/\/fenixteam.pl\/en\/wp-json\/wp\/v2\/product_cat?post=6414"},{"taxonomy":"product_tag","embeddable":true,"href":"https:\/\/fenixteam.pl\/en\/wp-json\/wp\/v2\/product_tag?post=6414"}],"curies":[{"name":"wp","href":"https:\/\/api.w.org\/{rel}","templated":true}]}}