{"id":6401,"date":"2025-06-26T17:19:05","date_gmt":"2025-06-26T15:19:05","guid":{"rendered":"https:\/\/fenixteam.pl\/?post_type=product&#038;p=6401"},"modified":"2025-06-26T17:19:05","modified_gmt":"2025-06-26T15:19:05","slug":"nebbia-bezszwowe-legginsy-z-wysokim-stanem-brown","status":"publish","type":"product","link":"https:\/\/fenixteam.pl\/en\/sklep\/nebbia-bezszwowe-legginsy-z-wysokim-stanem-brown\/","title":{"rendered":"NEBBIA \u2013 BEZSZWOWE LEGGINSY Z WYSOKIM STANEM BROWN"},"content":{"rendered":"<p>Poznaj bezszwow\u0105 generacj\u0119 leggins\u00f3w NEBBIA \u2013 z innowacyjnym wzorem 3D modeluj\u0105cym, kt\u00f3ry perfekcyjnie podkre\u015bla twoje kr\u0105g\u0142o\u015bci. Kr\u00f3j z wysokim stanem i paskiem w kszta\u0142cie litery V wysmukla tali\u0119. Detale typu scrunch na po\u015bladkach i modeluj\u0105ce szwy pod nimi dodaj\u0105 twojej pupie dodatkowego uniesienia. A materia\u0142 odporny na przysiady? Masz pe\u0142ne krycie \u2013 dos\u0142ownie. Mo\u017cesz wi\u0119c swobodnie si\u0119 rusza\u0107, podnosi\u0107, rozci\u0105ga\u0107 i b\u0142yszcze\u0107!<\/p>\n<p>Modeluj\u0105ce detaily pod po\u015bladkami dla efektu push-up<br \/>\nPas optycznie zw\u0119\u017caj\u0105cy tali\u0119<br \/>\nUltrag\u0142adki, lekki materia\u0142 \u2013 jak druga sk\u00f3ra<br \/>\nPrzysiadoodporne i nieprze\u015bwituj\u0105ce.<\/p>\n<p>UWAGA!!! Wysy\u0142ka 3-10 dni roboczych.<\/p>\n","protected":false},"excerpt":{"rendered":"<p>Poznaj bezszwow\u0105 generacj\u0119 leggins\u00f3w NEBBIA \u2013 z innowacyjnym wzorem 3D modeluj\u0105cym, kt\u00f3ry perfekcyjnie podkre\u015bla twoje kr\u0105g\u0142o\u015bci. Kr\u00f3j z wysokim stanem i paskiem w kszta\u0142cie litery V wysmukla tali\u0119. Detale typu scrunch na po\u015bladkach i modeluj\u0105ce szwy pod nimi dodaj\u0105 twojej pupie dodatkowego uniesienia. A materia\u0142 odporny na przysiady? Masz pe\u0142ne krycie \u2013 dos\u0142ownie. Mo\u017cesz wi\u0119c [&hellip;]<\/p>\n","protected":false},"featured_media":6402,"comment_status":"open","ping_status":"closed","template":"","meta":{"inline_featured_image":false,"site-sidebar-layout":"default","site-content-layout":"","ast-site-content-layout":"default","site-content-style":"default","site-sidebar-style":"default","ast-global-header-display":"","ast-banner-title-visibility":"","ast-main-header-display":"","ast-hfb-above-header-display":"","ast-hfb-below-header-display":"","ast-hfb-mobile-header-display":"","site-post-title":"","ast-breadcrumbs-content":"","ast-featured-img":"","footer-sml-layout":"","ast-disable-related-posts":"","theme-transparent-header-meta":"default","adv-header-id-meta":"","stick-header-meta":"","header-above-stick-meta":"","header-main-stick-meta":"","header-below-stick-meta":"","astra-migrate-meta-layouts":"set","ast-page-background-enabled":"default","ast-page-background-meta":{"desktop":{"background-color":"var(--ast-global-color-4)","background-image":"","background-repeat":"repeat","background-position":"center center","background-size":"auto","background-attachment":"scroll","background-type":"","background-media":"","overlay-type":"","overlay-color":"","overlay-opacity":"","overlay-gradient":""},"tablet":{"background-color":"","background-image":"","background-repeat":"repeat","background-position":"center center","background-size":"auto","background-attachment":"scroll","background-type":"","background-media":"","overlay-type":"","overlay-color":"","overlay-opacity":"","overlay-gradient":""},"mobile":{"background-color":"","background-image":"","background-repeat":"repeat","background-position":"center center","background-size":"auto","background-attachment":"scroll","background-type":"","background-media":"","overlay-type":"","overlay-color":"","overlay-opacity":"","overlay-gradient":""}},"ast-content-background-meta":{"desktop":{"background-color":"var(--ast-global-color-5)","background-image":"","background-repeat":"repeat","background-position":"center center","background-size":"auto","background-attachment":"scroll","background-type":"","background-media":"","overlay-type":"","overlay-color":"","overlay-opacity":"","overlay-gradient":""},"tablet":{"background-color":"var(--ast-global-color-5)","background-image":"","background-repeat":"repeat","background-position":"center center","background-size":"auto","background-attachment":"scroll","background-type":"","background-media":"","overlay-type":"","overlay-color":"","overlay-opacity":"","overlay-gradient":""},"mobile":{"background-color":"var(--ast-global-color-5)","background-image":"","background-repeat":"repeat","background-position":"center center","background-size":"auto","background-attachment":"scroll","background-type":"","background-media":"","overlay-type":"","overlay-color":"","overlay-opacity":"","overlay-gradient":""}}},"product_brand":[],"product_cat":[122],"product_tag":[64],"class_list":{"0":"post-6401","1":"product","2":"type-product","3":"status-publish","4":"has-post-thumbnail","6":"product_cat-nebbia","7":"product_tag-legginsy","8":"desktop-align-left","9":"tablet-align-left","10":"mobile-align-left","12":"first","13":"instock","14":"sale","15":"shipping-taxable","16":"purchasable","17":"product-type-variable"},"_links":{"self":[{"href":"https:\/\/fenixteam.pl\/en\/wp-json\/wp\/v2\/product\/6401","targetHints":{"allow":["GET"]}}],"collection":[{"href":"https:\/\/fenixteam.pl\/en\/wp-json\/wp\/v2\/product"}],"about":[{"href":"https:\/\/fenixteam.pl\/en\/wp-json\/wp\/v2\/types\/product"}],"replies":[{"embeddable":true,"href":"https:\/\/fenixteam.pl\/en\/wp-json\/wp\/v2\/comments?post=6401"}],"wp:featuredmedia":[{"embeddable":true,"href":"https:\/\/fenixteam.pl\/en\/wp-json\/wp\/v2\/media\/6402"}],"wp:attachment":[{"href":"https:\/\/fenixteam.pl\/en\/wp-json\/wp\/v2\/media?parent=6401"}],"wp:term":[{"taxonomy":"product_brand","embeddable":true,"href":"https:\/\/fenixteam.pl\/en\/wp-json\/wp\/v2\/product_brand?post=6401"},{"taxonomy":"product_cat","embeddable":true,"href":"https:\/\/fenixteam.pl\/en\/wp-json\/wp\/v2\/product_cat?post=6401"},{"taxonomy":"product_tag","embeddable":true,"href":"https:\/\/fenixteam.pl\/en\/wp-json\/wp\/v2\/product_tag?post=6401"}],"curies":[{"name":"wp","href":"https:\/\/api.w.org\/{rel}","templated":true}]}}