{"id":6219,"date":"2025-05-29T20:37:54","date_gmt":"2025-05-29T18:37:54","guid":{"rendered":"https:\/\/fenixteam.pl\/?post_type=product&#038;p=6219"},"modified":"2025-05-29T20:37:55","modified_gmt":"2025-05-29T18:37:55","slug":"legginsy-z-wysokim-stanem-iconic","status":"publish","type":"product","link":"https:\/\/fenixteam.pl\/en\/sklep\/legginsy-z-wysokim-stanem-iconic\/","title":{"rendered":"Legginsy z wysokim stanem ICONIC"},"content":{"rendered":"<p>Damskie legginsy z popularnej kolekcji z kultowymi lampasami to \u015bwietna opcja na kolejny trening. Materia\u0142 nie prze\u015bwituje, dzi\u0119ki czemu mo\u017cesz wykonywa\u0107 przysiady w dowolnym miejscu. Ka\u017cdy element odzie\u017cy \u0142\u0105czy w sobie najwy\u017csz\u0105 funkcjonalno\u015b\u0107, inteligentny design i przemy\u015blane detale, dzi\u0119ki czemu mo\u017cesz osi\u0105gn\u0105\u0107 swoje cele fitness i jednocze\u015bnie \u015bwietnie wygl\u0105da\u0107. \u201cWybieram swoj\u0105 walk\u0119, wygrywam j\u0105!\u201d A my b\u0119dziemy Ci\u0119 wspiera\u0107!<\/p>\n<p>Legginsy z wysokim stanem zapewni\u0105 Ci wystarczaj\u0105ce wsparcie i pozwol\u0105 Twoim kr\u0105g\u0142o\u015bciom narobi\u0107 troch\u0119 ha\u0142asu. Efekt marszczonego ty\u0142ka zapewnia stylowy i kobiecy wygl\u0105d. Nie spadaj\u0105 ani nie roluj\u0105 si\u0119, dzi\u0119ki czemu mo\u017cesz skupi\u0107 si\u0119 na treningu. Wszyty klin sprawia, \u017ce legginsy nie wrzynaj\u0105 si\u0119 w nieodpowiednie miejsca.<\/p>\n<p>Kolekcja wykonana jest z popularnego materia\u0142u POWER \u2013 wysoce funkcjonalnego materia\u0142u, kt\u00f3ry odprowadza pot i szybko schnie. Materia\u0142 dostosowuje si\u0119 do kszta\u0142tu cia\u0142a i wykonywanych ruch\u00f3w, dzi\u0119ki czemu masz pe\u0142n\u0105 swobod\u0119 ruch\u00f3w podczas ka\u017cdego treningu. Dzi\u0119ki wyrafinowanemu krojowi, modnym kolorom i wytrzyma\u0142emu materia\u0142owi, legginsy s\u0105 nie tylko modnym dodatkiem, ale tak\u017ce prawdziwie funkcjonalnym elementem garderoby, kt\u00f3ry pomaga odkry\u0107 w sobie bohatera i skupi\u0107 si\u0119 na wygrywaniu walk.<\/p>\n<p>W stroju HERO N\u00b03 poczujesz r\u00f3\u017cnic\u0119 i b\u0119dziesz trenowa\u0107 z maksymaln\u0105 pewno\u015bci\u0105 siebie! POWER CHECK APPROVED \u2714\ufe0f 10,000 squats \u2714\ufe0f 10,000 deadlifts \u2714\ufe0f 10,000 push-ups Produkt POWER CHECK jest gwarantowany, aby wytrzyma\u0107 maksymalne obci\u0105\u017cenie i setki trening\u00f3w. Przetestowany przez odnosz\u0105ce sukcesy kobiety fitness z ca\u0142ego \u015bwiata!<\/p>\n<p>Wysoka talia.\u00a0 Efekt zgrabnego ty\u0142ka. Pozostaj\u0105 na miejscu i nie roluj\u0105 si\u0119. Nie prze\u015bwituj\u0105. Wszyty klin \u2013 nie wrzynaj\u0105 si\u0119 w niew\u0142a\u015bciwe miejsca.<\/p>\n<p>Ikoniczne lampasy NEBBIA odwzorowuj\u0105ce linie nogawek. Materia\u0142 \u201cPOWER \u201cMi\u0119kki i elastyczny. Oddychaj\u0105cy materia\u0142. Elastyczny \u201c4-way stretch \u201cIdealne dopasowanie do sylwetki.4-way stretch \u201cIdealne dopasowanie do sylwetki Technologia Stay-in-place. Utrzymuje kszta\u0142t Szybkoschn\u0105ca Odporna na pot Funkcjonalna Niebrudz\u0105ca Nieblakn\u0105ce kolory Nie prze\u015bwituje<\/p>\n<p>UPF 50Certyfikat OEKO-TEX STANDARD 100Lycra80% poliamid, 20% elastan.<\/p>\n<p>Dbaj o swoje ubrania i swoj\u0105 planet\u0119: Pra\u0107 w maksymalnej temperaturze 40\u00b0C z ubraniami w tym samym kolorze, nie pozostawia\u0107 w wodzie. Prasowa\u0107 w maksymalnej temperaturze 110\u00b0C bez pary. Nie wk\u0142ada\u0107 do suszarki. Nie u\u017cywa\u0107 p\u0142ynu do zmi\u0119kczania tkanin. Wyrzuci\u0107 lub podarowa\u0107, je\u015bli nie s\u0105 ju\u017c potrzebne \ud83d\ude42<\/p>\n<p>&nbsp;<\/p>\n<p>UWAGA!!! Wysy\u0142ka 3-10 dni roboczych.<\/p>\n","protected":false},"excerpt":{"rendered":"<p>Damskie legginsy z popularnej kolekcji z kultowymi lampasami to \u015bwietna opcja na kolejny trening. Materia\u0142 nie prze\u015bwituje, dzi\u0119ki czemu mo\u017cesz wykonywa\u0107 przysiady w dowolnym miejscu. Ka\u017cdy element odzie\u017cy \u0142\u0105czy w sobie najwy\u017csz\u0105 funkcjonalno\u015b\u0107, inteligentny design i przemy\u015blane detale, dzi\u0119ki czemu mo\u017cesz osi\u0105gn\u0105\u0107 swoje cele fitness i jednocze\u015bnie \u015bwietnie wygl\u0105da\u0107. \u201cWybieram swoj\u0105 walk\u0119, wygrywam j\u0105!\u201d A [&hellip;]<\/p>\n","protected":false},"featured_media":6220,"comment_status":"open","ping_status":"closed","template":"","meta":{"inline_featured_image":false,"site-sidebar-layout":"default","site-content-layout":"","ast-site-content-layout":"default","site-content-style":"default","site-sidebar-style":"default","ast-global-header-display":"","ast-banner-title-visibility":"","ast-main-header-display":"","ast-hfb-above-header-display":"","ast-hfb-below-header-display":"","ast-hfb-mobile-header-display":"","site-post-title":"","ast-breadcrumbs-content":"","ast-featured-img":"","footer-sml-layout":"","ast-disable-related-posts":"","theme-transparent-header-meta":"default","adv-header-id-meta":"","stick-header-meta":"","header-above-stick-meta":"","header-main-stick-meta":"","header-below-stick-meta":"","astra-migrate-meta-layouts":"set","ast-page-background-enabled":"default","ast-page-background-meta":{"desktop":{"background-color":"var(--ast-global-color-4)","background-image":"","background-repeat":"repeat","background-position":"center center","background-size":"auto","background-attachment":"scroll","background-type":"","background-media":"","overlay-type":"","overlay-color":"","overlay-opacity":"","overlay-gradient":""},"tablet":{"background-color":"","background-image":"","background-repeat":"repeat","background-position":"center center","background-size":"auto","background-attachment":"scroll","background-type":"","background-media":"","overlay-type":"","overlay-color":"","overlay-opacity":"","overlay-gradient":""},"mobile":{"background-color":"","background-image":"","background-repeat":"repeat","background-position":"center center","background-size":"auto","background-attachment":"scroll","background-type":"","background-media":"","overlay-type":"","overlay-color":"","overlay-opacity":"","overlay-gradient":""}},"ast-content-background-meta":{"desktop":{"background-color":"var(--ast-global-color-5)","background-image":"","background-repeat":"repeat","background-position":"center center","background-size":"auto","background-attachment":"scroll","background-type":"","background-media":"","overlay-type":"","overlay-color":"","overlay-opacity":"","overlay-gradient":""},"tablet":{"background-color":"var(--ast-global-color-5)","background-image":"","background-repeat":"repeat","background-position":"center center","background-size":"auto","background-attachment":"scroll","background-type":"","background-media":"","overlay-type":"","overlay-color":"","overlay-opacity":"","overlay-gradient":""},"mobile":{"background-color":"var(--ast-global-color-5)","background-image":"","background-repeat":"repeat","background-position":"center center","background-size":"auto","background-attachment":"scroll","background-type":"","background-media":"","overlay-type":"","overlay-color":"","overlay-opacity":"","overlay-gradient":""}}},"product_brand":[],"product_cat":[49,61,63,122],"product_tag":[64],"class_list":{"0":"post-6219","1":"product","2":"type-product","3":"status-publish","4":"has-post-thumbnail","6":"product_cat-odziez-damska","7":"product_cat-sale","8":"product_cat-legginsy","9":"product_cat-nebbia","10":"product_tag-legginsy","11":"desktop-align-left","12":"tablet-align-left","13":"mobile-align-left","15":"first","16":"instock","17":"sale","18":"shipping-taxable","19":"purchasable","20":"product-type-variable"},"_links":{"self":[{"href":"https:\/\/fenixteam.pl\/en\/wp-json\/wp\/v2\/product\/6219","targetHints":{"allow":["GET"]}}],"collection":[{"href":"https:\/\/fenixteam.pl\/en\/wp-json\/wp\/v2\/product"}],"about":[{"href":"https:\/\/fenixteam.pl\/en\/wp-json\/wp\/v2\/types\/product"}],"replies":[{"embeddable":true,"href":"https:\/\/fenixteam.pl\/en\/wp-json\/wp\/v2\/comments?post=6219"}],"wp:featuredmedia":[{"embeddable":true,"href":"https:\/\/fenixteam.pl\/en\/wp-json\/wp\/v2\/media\/6220"}],"wp:attachment":[{"href":"https:\/\/fenixteam.pl\/en\/wp-json\/wp\/v2\/media?parent=6219"}],"wp:term":[{"taxonomy":"product_brand","embeddable":true,"href":"https:\/\/fenixteam.pl\/en\/wp-json\/wp\/v2\/product_brand?post=6219"},{"taxonomy":"product_cat","embeddable":true,"href":"https:\/\/fenixteam.pl\/en\/wp-json\/wp\/v2\/product_cat?post=6219"},{"taxonomy":"product_tag","embeddable":true,"href":"https:\/\/fenixteam.pl\/en\/wp-json\/wp\/v2\/product_tag?post=6219"}],"curies":[{"name":"wp","href":"https:\/\/api.w.org\/{rel}","templated":true}]}}