{"id":5737,"date":"2024-11-27T17:02:37","date_gmt":"2024-11-27T16:02:37","guid":{"rendered":"https:\/\/fenixteam.pl\/?post_type=product&#038;p=5737"},"modified":"2025-07-23T09:57:10","modified_gmt":"2025-07-23T07:57:10","slug":"plan-treningowy-na-poprawe-nog-i-posladkow-dla-kobiet","status":"publish","type":"product","link":"https:\/\/fenixteam.pl\/en\/sklep\/plan-treningowy-na-poprawe-nog-i-posladkow-dla-kobiet\/","title":{"rendered":"Plan treningowy na popraw\u0119 n\u00f3g i po\u015bladk\u00f3w dla kobiet"},"content":{"rendered":"<p>PLAN TRENINGOWY NA POPRAW\u0118 N\u00d3G I PO\u015aLADK\u00d3W DLA KOBIET.<\/p>\n<p>Co otrzymujesz?<\/p>\n<ul>\n<li>12 tygodniowy plan treningu na ka\u017cdy stopie\u0144 zaawansowania i sta\u017cu treningowego<\/li>\n<li>obja\u015bnienia, filmy, instrukcje wykonania<\/li>\n<li>1 &#8211; razowa konsultacja online treningu\/techniku (po wcze\u015bniejszym ustaleniu terminu)<\/li>\n<li>podstawowe za\u0142o\u017cenia \u017cywieniowe<\/li>\n<li>1-razowy kod rabatowy &#8211; 20 % na dowolne zakupy w sklepie online\u00a0 FENIX TEAM<\/li>\n<\/ul>\n","protected":false},"excerpt":{"rendered":"<p>PLAN TRENINGOWY NA POPRAW\u0118 N\u00d3G I PO\u015aLADK\u00d3W DLA KOBIET. Co otrzymujesz? 12 tygodniowy plan treningu na ka\u017cdy stopie\u0144 zaawansowania i sta\u017cu treningowego obja\u015bnienia, filmy, instrukcje wykonania 1 &#8211; razowa konsultacja online treningu\/techniku (po wcze\u015bniejszym ustaleniu terminu) podstawowe za\u0142o\u017cenia \u017cywieniowe 1-razowy kod rabatowy &#8211; 20 % na dowolne zakupy w sklepie online\u00a0 FENIX TEAM<\/p>\n","protected":false},"featured_media":5738,"comment_status":"open","ping_status":"closed","template":"","meta":{"inline_featured_image":false,"site-sidebar-layout":"default","site-content-layout":"","ast-site-content-layout":"default","site-content-style":"default","site-sidebar-style":"default","ast-global-header-display":"","ast-banner-title-visibility":"","ast-main-header-display":"","ast-hfb-above-header-display":"","ast-hfb-below-header-display":"","ast-hfb-mobile-header-display":"","site-post-title":"","ast-breadcrumbs-content":"","ast-featured-img":"","footer-sml-layout":"","ast-disable-related-posts":"","theme-transparent-header-meta":"default","adv-header-id-meta":"","stick-header-meta":"","header-above-stick-meta":"","header-main-stick-meta":"","header-below-stick-meta":"","astra-migrate-meta-layouts":"set","ast-page-background-enabled":"default","ast-page-background-meta":{"desktop":{"background-color":"var(--ast-global-color-4)","background-image":"","background-repeat":"repeat","background-position":"center center","background-size":"auto","background-attachment":"scroll","background-type":"","background-media":"","overlay-type":"","overlay-color":"","overlay-opacity":"","overlay-gradient":""},"tablet":{"background-color":"","background-image":"","background-repeat":"repeat","background-position":"center center","background-size":"auto","background-attachment":"scroll","background-type":"","background-media":"","overlay-type":"","overlay-color":"","overlay-opacity":"","overlay-gradient":""},"mobile":{"background-color":"","background-image":"","background-repeat":"repeat","background-position":"center center","background-size":"auto","background-attachment":"scroll","background-type":"","background-media":"","overlay-type":"","overlay-color":"","overlay-opacity":"","overlay-gradient":""}},"ast-content-background-meta":{"desktop":{"background-color":"var(--ast-global-color-5)","background-image":"","background-repeat":"repeat","background-position":"center center","background-size":"auto","background-attachment":"scroll","background-type":"","background-media":"","overlay-type":"","overlay-color":"","overlay-opacity":"","overlay-gradient":""},"tablet":{"background-color":"var(--ast-global-color-5)","background-image":"","background-repeat":"repeat","background-position":"center center","background-size":"auto","background-attachment":"scroll","background-type":"","background-media":"","overlay-type":"","overlay-color":"","overlay-opacity":"","overlay-gradient":""},"mobile":{"background-color":"var(--ast-global-color-5)","background-image":"","background-repeat":"repeat","background-position":"center center","background-size":"auto","background-attachment":"scroll","background-type":"","background-media":"","overlay-type":"","overlay-color":"","overlay-opacity":"","overlay-gradient":""}}},"product_brand":[],"product_cat":[19],"product_tag":[65,117],"class_list":{"0":"post-5737","1":"product","2":"type-product","3":"status-publish","4":"has-post-thumbnail","6":"product_cat-uslugi","7":"product_tag-trening","8":"product_tag-posladki","9":"desktop-align-left","10":"tablet-align-left","11":"mobile-align-left","13":"first","14":"instock","15":"virtual","16":"purchasable","17":"product-type-simple"},"_links":{"self":[{"href":"https:\/\/fenixteam.pl\/en\/wp-json\/wp\/v2\/product\/5737","targetHints":{"allow":["GET"]}}],"collection":[{"href":"https:\/\/fenixteam.pl\/en\/wp-json\/wp\/v2\/product"}],"about":[{"href":"https:\/\/fenixteam.pl\/en\/wp-json\/wp\/v2\/types\/product"}],"replies":[{"embeddable":true,"href":"https:\/\/fenixteam.pl\/en\/wp-json\/wp\/v2\/comments?post=5737"}],"wp:featuredmedia":[{"embeddable":true,"href":"https:\/\/fenixteam.pl\/en\/wp-json\/wp\/v2\/media\/5738"}],"wp:attachment":[{"href":"https:\/\/fenixteam.pl\/en\/wp-json\/wp\/v2\/media?parent=5737"}],"wp:term":[{"taxonomy":"product_brand","embeddable":true,"href":"https:\/\/fenixteam.pl\/en\/wp-json\/wp\/v2\/product_brand?post=5737"},{"taxonomy":"product_cat","embeddable":true,"href":"https:\/\/fenixteam.pl\/en\/wp-json\/wp\/v2\/product_cat?post=5737"},{"taxonomy":"product_tag","embeddable":true,"href":"https:\/\/fenixteam.pl\/en\/wp-json\/wp\/v2\/product_tag?post=5737"}],"curies":[{"name":"wp","href":"https:\/\/api.w.org\/{rel}","templated":true}]}}