{"id":5274,"date":"2024-05-08T20:45:54","date_gmt":"2024-05-08T18:45:54","guid":{"rendered":"https:\/\/fenixteam.pl\/?post_type=product&#038;p=5274"},"modified":"2024-09-23T10:41:09","modified_gmt":"2024-09-23T08:41:09","slug":"ctd-sports-organ-guard-60-caps","status":"publish","type":"product","link":"https:\/\/fenixteam.pl\/en\/sklep\/ctd-sports-organ-guard-60-caps\/","title":{"rendered":"CTD Sports Organ Guard 60 caps"},"content":{"rendered":"","protected":false},"excerpt":{"rendered":"<h1><strong>CTD Sports Organ Guard 60 caps Citrus Bergamot na w\u0105trob\u0119<\/strong><\/h1>\n<p><strong>CTD Sports Organ Guard suplement zosta\u0142 opracowany w celu zapewnienia prawid\u0142owego funkcjonowania w\u0105troby, regulacji gospodarki lipidowej, sprawnego dzia\u0142ania uk\u0142adu sercowego.\u00a0<\/strong>Zawiera zestaw flawonoid\u00f3w z soku bergamotki Bergavit o dzia\u0142aniu przeciwutleniaj\u0105cym. Citrus Bergamia bogata jest w znacznie wi\u0119ksze ilo\u015bci neohesperydyny, naryngeniny, rutyny od innych owoc\u00f3w cytrusowych. Charakteryzuje si\u0119 wysok\u0105 aktywno\u015bci\u0105 biologiczn\u0105 zwi\u0105zk\u00f3w polifenolowych, wysoce przyswajaln\u0105 w przewodzie pokarmowym. Ostropest plamisty, NAC oraz kwas alfa-liponowy ALA doskonale oczyszczaj\u0105 organizm ze szkodliwych zwi\u0105zk\u00f3w, wspomagaj\u0105c prac\u0119 w\u0105troby, ograniczaj\u0105c jednocze\u015bnie apetyt.<\/p>\n<h2>CTD Sports Organ Guard 60 caps\u00a0to:<\/h2>\n<ul>\n<li>Ochrona w\u0105troby,<\/li>\n<li>Oczyszcza,<\/li>\n<li>Reguluje poziom lipid\u00f3w,<\/li>\n<li>Obni\u017ca cholesterol,<\/li>\n<li>Wspomaga prac\u0119 serca,<\/li>\n<li>Chroni nerki<\/li>\n<\/ul>\n<p>&nbsp;<\/p>\n<h2><strong>CTD Sports Organ Guard 60 caps Citrus Bergamot na w\u0105trob\u0119 sk\u0142ad:<\/strong><\/h2>\n<p>&nbsp;<\/p>\n<p><strong>Vitamin K\u00a0<\/strong>&#8211; wysoce przyswajalna forma witaminy K menaquinone-7, niezb\u0119dna jest dla prawid\u0142owej przemiany materii, uczestniczy r\u00f3wnie\u017c w procesie tworzenia ko\u015bci, posiada w\u0142a\u015bciwo\u015bci przeciwbakteryjne i przeciwgrzybicze. Wraz ze wzrostem poziomu witaminy D b\u0119dzie nam w organizmie wzrasta\u0107 r\u00f3wnie\u017c poziom wapnia. Aby ten pierwiastek zosta\u0142 dobrze przyswojony przez organizm i trafi\u0142 do ko\u015bci oraz z\u0119b\u00f3w zaleca si\u0119 przyjmowanie witaminy K. Gdy mamy za ma\u0142o witaminy K wap\u0144 mo\u017ce\u00a0 odk\u0142ada\u0107 si\u0119 tam, gdzie nie jest potrzebny, czyli w tkankach mi\u0119kkich (nerkach, p\u0142ucach, sercu, t\u0119tnicach). Witamina K2 bierze udzia\u0142 w syntezie osteokalcyny, kt\u00f3ra bierze udzia\u0142 w wi\u0105zaniu wapnia z matryc\u0105 kostn\u0105 tworz\u0105c now\u0105 tkank\u0119 kostn\u0105. W przypadku niedobor\u00f3w witaminy zauwa\u017ca si\u0119 nieaktywne wytwarzanie osteokalcyny co mo\u017ce prowadzi\u0107 do utraty wapnia z ko\u015bci, co zmniejsza ich wytrzyma\u0142o\u015b\u0107.<\/p>\n<p><strong>BERGAVIT &#8211;\u00a0<\/strong>proszek otrzymywany przez ekstrakcj\u0119 g\u0142\u00f3wnych flawonoid\u00f3w zawartych w soku bergamotki (Citrus Bergamia). Flawonoidy zawarte w BERGAVIT \u2122 wspieraj\u0105 prawid\u0142owe funkcjonowanie uk\u0142adu sercowo-naczyniowego oraz wspiera prawid\u0142owy poziom cholesterolu i metabolizm glukozy we krwi..<\/p>\n<p><strong>Milk Thistle &#8211;\u00a0<\/strong>ostropest plamisty zawiera w sk\u0142adzie substancj\u0119 o nazwie Sylimaryna. Sylimaryna to kompleks flawonoligan\u00f3w obecny w \u0142upinie nasiennej ostropestu. W surowcu opr\u00f3cz wspomnianej sylimaryny zawarte s\u0105 r\u00f3wnie cenne zwi\u0105zki takie jak: fitosterole, flawony, glikozydy fenolowe oraz witaminy E i F. Substancja pe\u0142ni funkcj\u0119 stabilizatora b\u0142on kom\u00f3rkowych, dzia\u0142a \u017c\u00f3\u0142ciotw\u00f3rczo, detoksykuj\u0105co, przeciwzapalnie oraz rozkurczowo. Skutecznie reguluje pasa\u017c tre\u015bci pokarmowej i chroni kom\u00f3rki w\u0105troby przed szkodliwym wp\u0142ywem alkoholu i miko toksyn. Posiada dzia\u0142anie antyoksydacyjne, zapobiega marsko\u015bci w\u0105troby nerek i serca. Dzi\u0119ki zdolno\u015bci do obni\u017cania z\u0142ego cholesterolu we krwi zalecana jest w leczeniu naturalnym hipercholestrelolemii.<\/p>\n<p><strong>NAC &#8211;\u00a0<\/strong>poprzez inaktywacj\u0119 reaktywnych form tlenu i redukcj\u0119 stresu oksydacyjnego chroni kom\u00f3rki przed uszkodzeniami i wspomaga odporno\u015b\u0107 organizmu. Zwi\u0119ksza wytrzyma\u0142o\u015b\u0107 u sportowc\u00f3w, poprawiaj\u0105c ich wydolno\u015b\u0107 i podatno\u015b\u0107 na zm\u0119czenie. U\u0142atwia odkrztuszanie, wentylacje p\u0142uc, wymian\u0119 gazow\u0105 to wspomaga dotlenienie. Przyspiesza r\u00f3wnie\u017c procesy regeneracji powysi\u0142kowej i redukuje stany zapalne powsta\u0142y w wyniku przeci\u0105\u017ce\u0144. Jako zwi\u0105zek dostarczaj\u0105cy grup acetylowych wspomaga produkcji testosteronu. Ze wzgl\u0119du na siln\u0105 stymulacj\u0119 regeneracji uszkodzonych kom\u00f3rek w\u0105troby (hepatocyt\u00f3w), przez niekt\u00f3re grupy sportowc\u00f3w stosowana jest w czasie i po zako\u0144czeniu cyklu z wykorzystaniem pro-hormon\u00f3w i steryd\u00f3w.<\/p>\n<p><strong>Coenzyme Q10 &#8211;\u00a0<\/strong>pomaga zapobiega\u0107 uszkodzeniom kom\u00f3rek powodowanym przez wolne rodniki, kt\u00f3re mog\u0105 wynika\u0107 z intensywnego stresu lub proces\u00f3w metabolicznych. Wzmacnia funkcjonowanie serca i uk\u0142adu odporno\u015bciowego. W reakcji z tlenem Koenzym Q10 uzyskuje energi\u0119 z substancji od\u017cywczych na poziomie kom\u00f3rkowym (w postaci ATP). Tak wi\u0119c koenzym Q10 daje wi\u0119cej energii, a tak\u017ce pomaga zwi\u0119kszy\u0107 wydolno\u015b\u0107 organizmu.<\/p>\n<p><strong>Alpha-Lipoic-Acid\u00a0<\/strong>&#8211; kwas alfa-liponowy, to naturalny zwi\u0105zek organiczny z grupy kwas\u00f3w karboksylowych, kt\u00f3ry pe\u0142ni wa\u017cn\u0105 funkcj\u0119 w usuwaniu wolnych rodnik\u00f3w, posiada te\u017c zdolno\u015b\u0107 chelatowania jon\u00f3w metali, co usprawnia proces usuwania metali ci\u0119\u017ckich z organizmu. Kwas alfa-liponowy aktywnie wspomaga odchudzanie, co sprzyja utracie nadmiernych kilogram\u00f3w, dodatkowo ograniczaj\u0105c nadmierny apetyt i niekontrolowane napady g\u0142odu.<\/p>\n<h3><strong>CTD Sports Organ Guard 60 caps Citrus Bergamot na w\u0105trob\u0119 d<\/strong><strong>awkowanie:<\/strong><\/h3>\n<p>2 kapsu\u0142ki dziennie z posi\u0142kiem<\/p>\n","protected":false},"featured_media":5275,"comment_status":"open","ping_status":"closed","template":"","meta":{"inline_featured_image":false,"site-sidebar-layout":"default","site-content-layout":"","ast-site-content-layout":"default","site-content-style":"default","site-sidebar-style":"default","ast-global-header-display":"","ast-banner-title-visibility":"","ast-main-header-display":"","ast-hfb-above-header-display":"","ast-hfb-below-header-display":"","ast-hfb-mobile-header-display":"","site-post-title":"","ast-breadcrumbs-content":"","ast-featured-img":"","footer-sml-layout":"","ast-disable-related-posts":"","theme-transparent-header-meta":"default","adv-header-id-meta":"","stick-header-meta":"","header-above-stick-meta":"","header-main-stick-meta":"","header-below-stick-meta":"","astra-migrate-meta-layouts":"set","ast-page-background-enabled":"default","ast-page-background-meta":{"desktop":{"background-color":"var(--ast-global-color-4)","background-image":"","background-repeat":"repeat","background-position":"center center","background-size":"auto","background-attachment":"scroll","background-type":"","background-media":"","overlay-type":"","overlay-color":"","overlay-opacity":"","overlay-gradient":""},"tablet":{"background-color":"","background-image":"","background-repeat":"repeat","background-position":"center center","background-size":"auto","background-attachment":"scroll","background-type":"","background-media":"","overlay-type":"","overlay-color":"","overlay-opacity":"","overlay-gradient":""},"mobile":{"background-color":"","background-image":"","background-repeat":"repeat","background-position":"center center","background-size":"auto","background-attachment":"scroll","background-type":"","background-media":"","overlay-type":"","overlay-color":"","overlay-opacity":"","overlay-gradient":""}},"ast-content-background-meta":{"desktop":{"background-color":"var(--ast-global-color-5)","background-image":"","background-repeat":"repeat","background-position":"center center","background-size":"auto","background-attachment":"scroll","background-type":"","background-media":"","overlay-type":"","overlay-color":"","overlay-opacity":"","overlay-gradient":""},"tablet":{"background-color":"var(--ast-global-color-5)","background-image":"","background-repeat":"repeat","background-position":"center center","background-size":"auto","background-attachment":"scroll","background-type":"","background-media":"","overlay-type":"","overlay-color":"","overlay-opacity":"","overlay-gradient":""},"mobile":{"background-color":"var(--ast-global-color-5)","background-image":"","background-repeat":"repeat","background-position":"center center","background-size":"auto","background-attachment":"scroll","background-type":"","background-media":"","overlay-type":"","overlay-color":"","overlay-opacity":"","overlay-gradient":""}}},"product_brand":[],"product_cat":[115,27],"product_tag":[109],"class_list":{"0":"post-5274","1":"product","2":"type-product","3":"status-publish","4":"has-post-thumbnail","6":"product_cat-zdrowie","7":"product_cat-suplementy","8":"product_tag-suplementy","9":"desktop-align-left","10":"tablet-align-left","11":"mobile-align-left","13":"first","14":"instock","15":"shipping-taxable","16":"purchasable","17":"product-type-simple"},"_links":{"self":[{"href":"https:\/\/fenixteam.pl\/en\/wp-json\/wp\/v2\/product\/5274","targetHints":{"allow":["GET"]}}],"collection":[{"href":"https:\/\/fenixteam.pl\/en\/wp-json\/wp\/v2\/product"}],"about":[{"href":"https:\/\/fenixteam.pl\/en\/wp-json\/wp\/v2\/types\/product"}],"replies":[{"embeddable":true,"href":"https:\/\/fenixteam.pl\/en\/wp-json\/wp\/v2\/comments?post=5274"}],"wp:featuredmedia":[{"embeddable":true,"href":"https:\/\/fenixteam.pl\/en\/wp-json\/wp\/v2\/media\/5275"}],"wp:attachment":[{"href":"https:\/\/fenixteam.pl\/en\/wp-json\/wp\/v2\/media?parent=5274"}],"wp:term":[{"taxonomy":"product_brand","embeddable":true,"href":"https:\/\/fenixteam.pl\/en\/wp-json\/wp\/v2\/product_brand?post=5274"},{"taxonomy":"product_cat","embeddable":true,"href":"https:\/\/fenixteam.pl\/en\/wp-json\/wp\/v2\/product_cat?post=5274"},{"taxonomy":"product_tag","embeddable":true,"href":"https:\/\/fenixteam.pl\/en\/wp-json\/wp\/v2\/product_tag?post=5274"}],"curies":[{"name":"wp","href":"https:\/\/api.w.org\/{rel}","templated":true}]}}