{"id":5218,"date":"2024-04-08T21:16:47","date_gmt":"2024-04-08T19:16:47","guid":{"rendered":"https:\/\/fenixteam.pl\/?post_type=product&#038;p=5218"},"modified":"2025-05-07T10:12:55","modified_gmt":"2025-05-07T08:12:55","slug":"nutrex-lipo-6-diuretic-80-caps","status":"publish","type":"product","link":"https:\/\/fenixteam.pl\/en\/sklep\/nutrex-lipo-6-diuretic-80-caps\/","title":{"rendered":"NUTREX Lipo 6  Diuretic 80 caps."},"content":{"rendered":"","protected":false},"excerpt":{"rendered":"<h1><strong>Nutrex Lipo6\u00a0 Diuretic 80 caps diuretyk spalacz t\u0142uszczu<\/strong><\/h1>\n<p><strong>Nutrex Lipo6\u00a0 Diuretic <\/strong>nowy spalacz t\u0142uszczu nale\u017c\u0105cy do diuretyk\u00f3w. Preparat wytworzony z zastosowaniem technologii kapsu\u0142kowania zapewnia wysokie przyswajanie aktywnych sk\u0142adnik\u00f3w, szybki wzrost energii. Skuteczna formu\u0142a wolna od stymulant\u00f3w. Silny diuretyk, kt\u00f3ry przyspiesza usuwanie wody podsk\u00f3rnej oraz nasila spalanie tkanki\u00a0 t\u0142uszczowej. Najskuteczniejsze sk\u0142adniki Lipo6 Black Diuretic zapewniaj\u0105 skuteczne usuwanie wody w organizmie i wyeksponowanie mi\u0119\u015bni. Najlepsze sk\u0142adniki w po\u0142\u0105czeniu z aktywno\u015bci\u0105 fizyczn\u0105 umo\u017cliwiaj\u0105 uzyskanie szczup\u0142ej sylwetki bez efektu jo-jo. Dodatek elektrolit\u00f3w, aby zast\u0105pi\u0107 te utracone w wyniku utraty wody.<\/p>\n<h2>Lipo6\u00a0 Diuretic 80 caps to:<\/h2>\n<ul>\n<li>Spalacz t\u0142uszczu,<\/li>\n<li>Diuretyk,<\/li>\n<li>Usuwa wod\u0119 podsk\u00f3rn\u0105,<\/li>\n<li>Pozwala osi\u0105gn\u0105\u0107 maksymaln\u0105 rze\u017ab\u0119<\/li>\n<\/ul>\n<h2>Sk\u0142adniki Nutrex Lipo6\u00a0 Diuretic:<\/h2>\n<p><strong>Magnesium Citrate &#8211;\u00a0<\/strong>pomaga w utrzymaniu r\u00f3wnowagi elektrolitowej, zdrowych z\u0119b\u00f3w, zdrowych ko\u015bci. Przyczynia si\u0119 do utrzymania prawid\u0142owego metabolizmu energetycznego oraz zmniejszenia uczucia zm\u0119czenia i znu\u017cenia. Wspomaga prawid\u0142ow\u0105 prac\u0119 mi\u0119\u015bni, funkcjonowanie uk\u0142adu nerwowego oraz utrzymanie prawid\u0142owych funkcji psychologicznych. Wspomaga syntez\u0119 bia\u0142ek i odgrywa wa\u017cn\u0105 rol\u0119 w procesie podzia\u0142u kom\u00f3rek.<\/p>\n<p><strong>Potassium\u00a0<\/strong>&#8211; jest trzecim najcz\u0119\u015bciej spotykanym minera\u0142em w organizmie opr\u00f3cz wapnia i fosforu. Jest tak\u017ce jednym z najwa\u017cniejszych elektrolit\u00f3w dla organizmu. Elektrolity s\u0105 niezb\u0119dne do utrzymania prawid\u0142owego ci\u015bnienia krwi i skurczu mi\u0119\u015bni. Potas bierze tak\u017ce udzia\u0142 w przemianie cukru we krwi w glikogen. Jego wa\u017cn\u0105 funkcj\u0105 jest ochrona serca.<\/p>\n<p><strong>Dandelion Extract &#8211;<\/strong>\u00a0\u00a0jest bardzo silnym diuretykiem (substancj\u0105 odwadniaj\u0105c\u0105). To najmocniejsze zio\u0142o, kt\u00f3re pomaga pozby\u0107 si\u0119 wody podsk\u00f3rnej. Dodatkowo przypisuje mu si\u0119 w\u0142a\u015bciwo\u015bci odtruwaj\u0105ce oraz oczyszczaj\u0105ce, przyspiesza metabolizm. Jego korze\u0144 zawiera du\u017ce ilo\u015bci soli mineralnych, zw\u0142aszcza potasu, kwas\u00f3w organicznych, steroli, inuliny, choliny.<\/p>\n<p><strong>Horsetail Extract &#8211;\u00a0<\/strong>posiada w\u0142a\u015bciwo\u015bci remineralizuj\u0105ce, moczop\u0119dne oraz dzia\u0142a ochronnie na drogi moczowe.<\/p>\n<p><strong>Oxystelma Extract &#8211;<\/strong>\u00a0ro\u015blina o silnym dzia\u0142aniu moczop\u0119dnym. Naturalny diuretyk ro\u015blinny bogaty jest w fitokomponenty takie jak kardenolidy, flawonoidy, fenole, sterole i triterpenoidy.<\/p>\n<p><strong>Uva Ursi Extract\u00a0<\/strong>&#8211; ro\u015blina ta, powszechnie stosowana w medycynie, znana jest jako M\u0105cznica lekarska. Ze wzgl\u0119du na sw\u00f3j sk\u0142ad znajduje szerokie zastosowanie w schorzeniach uk\u0142adu moczowego, uk\u0142adu pokarmowego, problemach gastrycznych. Zawiera takie sk\u0142adniki jak kwas galusowy, cholowy czy naturalny flavonoid izokwercetyn\u0119. Substancje te wykazuj\u0105 dzia\u0142anie lekko moczop\u0119dne i oczyszczaj\u0105ce organizm ze zb\u0119dnych i szkodliwych produkt\u00f3w przemiany materii. Zmniejszaj\u0105 toksyczno\u015b\u0107 wielu zwi\u0105zk\u00f3w, niweluj\u0105 dzia\u0142anie wolnych rodnik\u00f3w. Stosowanie M\u0105cznicy powoduje zwi\u0119kszone wydalanie moczu, pozbywanie si\u0119 nadmiaru wody z organizmu, wraz z kt\u00f3r\u0105 usuwane s\u0105 toksyny. Opr\u00f3cz dobroczynnego wp\u0142ywu na stan narz\u0105d\u00f3w wewn\u0119trznych skorelowane jest z tym polepszenie si\u0119 definicji mi\u0119\u015bnia poprzez ubytek podsk\u00f3rnej wody.<\/p>\n<p><strong>Parsley &#8211;\u00a0<\/strong>natka pietruszki jest bogatym \u017ar\u00f3d\u0142em prowitaminy A oraz witamin. Owoce bogate s\u0105 w olejek eteryczny, fitosterole oraz flawonoidy. Poszczeg\u00f3lne cz\u0119\u015bci pietruszki zwyczajnej maj\u0105 dzia\u0142anie moczop\u0119dne i przeciwskurczowe, a tak\u017ce pobudzaj\u0105 trawienie. Pietruszka skutecznie zmniejsza nagromadzony p\u0142yn w organizmie.<\/p>\n<h3>Dawkowanie Nutrex Lipo6 Black Diuretic:<\/h3>\n<p>4 kapsu\u0142ki dziennie.<\/p>\n","protected":false},"featured_media":5219,"comment_status":"open","ping_status":"closed","template":"","meta":{"site-sidebar-layout":"default","site-content-layout":"","ast-site-content-layout":"default","site-content-style":"default","site-sidebar-style":"default","ast-global-header-display":"","ast-banner-title-visibility":"","ast-main-header-display":"","ast-hfb-above-header-display":"","ast-hfb-below-header-display":"","ast-hfb-mobile-header-display":"","site-post-title":"","ast-breadcrumbs-content":"","ast-featured-img":"","footer-sml-layout":"","ast-disable-related-posts":"","theme-transparent-header-meta":"default","adv-header-id-meta":"","stick-header-meta":"","header-above-stick-meta":"","header-main-stick-meta":"","header-below-stick-meta":"","astra-migrate-meta-layouts":"set","ast-page-background-enabled":"default","ast-page-background-meta":{"desktop":{"background-color":"var(--ast-global-color-4)","background-image":"","background-repeat":"repeat","background-position":"center center","background-size":"auto","background-attachment":"scroll","background-type":"","background-media":"","overlay-type":"","overlay-color":"","overlay-opacity":"","overlay-gradient":""},"tablet":{"background-color":"","background-image":"","background-repeat":"repeat","background-position":"center center","background-size":"auto","background-attachment":"scroll","background-type":"","background-media":"","overlay-type":"","overlay-color":"","overlay-opacity":"","overlay-gradient":""},"mobile":{"background-color":"","background-image":"","background-repeat":"repeat","background-position":"center center","background-size":"auto","background-attachment":"scroll","background-type":"","background-media":"","overlay-type":"","overlay-color":"","overlay-opacity":"","overlay-gradient":""}},"ast-content-background-meta":{"desktop":{"background-color":"var(--ast-global-color-5)","background-image":"","background-repeat":"repeat","background-position":"center center","background-size":"auto","background-attachment":"scroll","background-type":"","background-media":"","overlay-type":"","overlay-color":"","overlay-opacity":"","overlay-gradient":""},"tablet":{"background-color":"var(--ast-global-color-5)","background-image":"","background-repeat":"repeat","background-position":"center center","background-size":"auto","background-attachment":"scroll","background-type":"","background-media":"","overlay-type":"","overlay-color":"","overlay-opacity":"","overlay-gradient":""},"mobile":{"background-color":"var(--ast-global-color-5)","background-image":"","background-repeat":"repeat","background-position":"center center","background-size":"auto","background-attachment":"scroll","background-type":"","background-media":"","overlay-type":"","overlay-color":"","overlay-opacity":"","overlay-gradient":""}}},"product_brand":[],"product_cat":[112,27],"product_tag":[113,109],"class_list":{"0":"post-5218","1":"product","2":"type-product","3":"status-publish","4":"has-post-thumbnail","6":"product_cat-spalacze-tluszczu","7":"product_cat-suplementy","8":"product_tag-spalacz-tluszczu","9":"product_tag-suplementy","10":"desktop-align-left","11":"tablet-align-left","12":"mobile-align-left","14":"first","15":"outofstock","16":"shipping-taxable","17":"purchasable","18":"product-type-simple"},"_links":{"self":[{"href":"https:\/\/fenixteam.pl\/en\/wp-json\/wp\/v2\/product\/5218","targetHints":{"allow":["GET"]}}],"collection":[{"href":"https:\/\/fenixteam.pl\/en\/wp-json\/wp\/v2\/product"}],"about":[{"href":"https:\/\/fenixteam.pl\/en\/wp-json\/wp\/v2\/types\/product"}],"replies":[{"embeddable":true,"href":"https:\/\/fenixteam.pl\/en\/wp-json\/wp\/v2\/comments?post=5218"}],"wp:featuredmedia":[{"embeddable":true,"href":"https:\/\/fenixteam.pl\/en\/wp-json\/wp\/v2\/media\/5219"}],"wp:attachment":[{"href":"https:\/\/fenixteam.pl\/en\/wp-json\/wp\/v2\/media?parent=5218"}],"wp:term":[{"taxonomy":"product_brand","embeddable":true,"href":"https:\/\/fenixteam.pl\/en\/wp-json\/wp\/v2\/product_brand?post=5218"},{"taxonomy":"product_cat","embeddable":true,"href":"https:\/\/fenixteam.pl\/en\/wp-json\/wp\/v2\/product_cat?post=5218"},{"taxonomy":"product_tag","embeddable":true,"href":"https:\/\/fenixteam.pl\/en\/wp-json\/wp\/v2\/product_tag?post=5218"}],"curies":[{"name":"wp","href":"https:\/\/api.w.org\/{rel}","templated":true}]}}