{"id":5143,"date":"2024-03-11T21:23:51","date_gmt":"2024-03-11T20:23:51","guid":{"rendered":"https:\/\/fenixteam.pl\/?post_type=product&#038;p=5143"},"modified":"2025-09-16T11:35:14","modified_gmt":"2025-09-16T09:35:14","slug":"san-t3-90-kap","status":"publish","type":"product","link":"https:\/\/fenixteam.pl\/en\/sklep\/san-t3-90-kap\/","title":{"rendered":"SAN T3 90 KAP"},"content":{"rendered":"","protected":false},"excerpt":{"rendered":"<div><b>SAN T3<\/b>\u00a0&#8211; jest doskona\u0142ym suplementem wspieraj\u0105cym kompleksowo proces redukcji tkanki t\u0142uszczowej. Znakomicie sprawdza si\u0119 r\u00f3wnie\u017c u os\u00f3b kt\u00f3re nie toleruj\u0105 kofeiny i innych stymulant\u00f3w, a tak\u017ce jako uzupe\u0142nienie innych spalaczy t\u0142uszczu w najwy\u017cszej jako\u015bci Guggulsterony E oraz Z.<\/div>\n<ul>\n<li>Wspomaga naturaln\u0105 produkcje hormon\u00f3w tarczycy<\/li>\n<li>Przyspiesza metabolizm spoczynkowy<\/li>\n<li>Nasila lipoliz\u0119 odpowiedzialn\u0105 za utrat\u0119 wagi<\/li>\n<li>Mo\u017ce obni\u017ca\u0107 poziom z\u0142ego cholesterolu<\/li>\n<li>Idealny na ka\u017cdym etapie redukcji<\/li>\n<li>Brak negatywnych skutk\u00f3w<\/li>\n<li>Nie zawiera \u017cadnych sk\u0142adnik\u00f3w pobudzaj\u0105cych<\/li>\n<\/ul>\n<div><b>T3<\/b>\u00a0to jeden z najciekawszych produkt\u00f3w jakie mo\u017cemy w\u0142\u0105czy\u0107 do naszej codziennej suplementacji je\u015bli g\u0142\u00f3wnym celem jest utrata nadmiernej ilo\u015bci kilogram\u00f3w. G\u0142\u00f3wnym za\u0142o\u017ceniem wynikaj\u0105cym ze stosowania Guggulsteron\u00f3w jest mo\u017cliwo\u015b\u0107 zwi\u0119kszenia ilo\u015bci hormon\u00f3w tarczycy odpowiedzialnych za przyspieszenie metabolizmu, jednak bez zablokowania ich naturalnej produkcji co gwarantuje nam bezpiecze\u0144stwo i brak efektu nag\u0142ego wzrostu wagi po zako\u0144czeniu suplementacji. Dzi\u0119ki takim mechanizmom walka z tkank\u0105 t\u0142uszczow\u0105 mo\u017ce by\u0107 o wiele bardziej efektywna, szczeg\u00f3lnie u os\u00f3b z tzw. spowolnionym metabolizmem.<\/div>\n<div><\/div>\n<div>SAN T-3 oraz zawarte w nim Guggulsterony wykazuj\u0105 liczne zalety. Dla nas najwa\u017cniejsze s\u0105 w\u0142a\u015bciwo\u015bci dzia\u0142aj\u0105ce za procesy lipolizy oraz nasz metabolizm co bezpo\u015brednio prowadzi do zwi\u0119kszonego wydatku energetycznego w postaci tkanki t\u0142uszczowej. San T3 to doskona\u0142y booster metaboizmu. Warto jednak podkre\u015bli\u0107 r\u00f3wnie\u017c inne ciekawe w\u0142a\u015bciwo\u015bci takie jak mi\u0119dzy innymi znaczny wp\u0142yw na popraw\u0119 jako\u015bci naszej cery. Nie bez znaczenia jest r\u00f3wnie\u017c poprawa naszego profilu lipidowego krwi, czego efektem mo\u017ce by\u0107 lepsze samopoczucie w ci\u0105gu dnia.<\/div>\n<div><\/div>\n<div>Suplement diety. Produkt nie mo\u017ce by\u0107 stosowany jako zamiennik b\u0105d\u017a substytut zr\u00f3\u017cnicowanej diety. Nie nale\u017cy przekracza\u0107 zalecanej porcji do spo\u017cycia w ci\u0105gu dnia. Produktu nie nale\u017cy podawa\u0107 matkom karmi\u0105cym oraz kobietom w ci\u0105\u017cy. Nie spo\u017cywa\u0107 w przypadku uczulenia lub nadwra\u017cliwo\u015bci na kt\u00f3rykolwiek ze sk\u0142adnik\u00f3w produktu. Nie nale\u017cy stosowa\u0107 w przypadku problem\u00f3w fizjologicznych lub psychologicznych, a tak\u017ce podczas stosowania niekt\u00f3rych lek\u00f3w. W razie w\u0105tpliwo\u015bci nale\u017cy skonsultowa\u0107 si\u0119 ze specjalist\u0105. Przechowywa\u0107 w miejscu niedost\u0119pnym dla ma\u0142ych dzieci. Przechowywa\u0107 w suchym miejscu, w temperaturze pokojowej do 25\u00b0C, w szczelnie zamkni\u0119tym opakowaniu. Zdj\u0119cie produktu ma charakter wy\u0142\u0105cznie pogl\u0105dowy, nie przedstawiaj\u0105 sprzedawanego smaku oraz wielko\u015bci opakowania.<\/div>\n<div><\/div>\n<div><b>Dawkowanie i spos\u00f3b u\u017cycia:<\/b> stosowa\u0107 1 kap. SAN T3 raz dziennie, najlepiej rano lub przed treningiem.<\/div>\n<div><\/div>\n<div><\/div>\n","protected":false},"featured_media":5148,"comment_status":"open","ping_status":"closed","template":"","meta":{"inline_featured_image":false,"site-sidebar-layout":"default","site-content-layout":"","ast-site-content-layout":"default","site-content-style":"default","site-sidebar-style":"default","ast-global-header-display":"","ast-banner-title-visibility":"","ast-main-header-display":"","ast-hfb-above-header-display":"","ast-hfb-below-header-display":"","ast-hfb-mobile-header-display":"","site-post-title":"","ast-breadcrumbs-content":"","ast-featured-img":"","footer-sml-layout":"","ast-disable-related-posts":"","theme-transparent-header-meta":"default","adv-header-id-meta":"","stick-header-meta":"","header-above-stick-meta":"","header-main-stick-meta":"","header-below-stick-meta":"","astra-migrate-meta-layouts":"set","ast-page-background-enabled":"default","ast-page-background-meta":{"desktop":{"background-color":"var(--ast-global-color-4)","background-image":"","background-repeat":"repeat","background-position":"center center","background-size":"auto","background-attachment":"scroll","background-type":"","background-media":"","overlay-type":"","overlay-color":"","overlay-opacity":"","overlay-gradient":""},"tablet":{"background-color":"","background-image":"","background-repeat":"repeat","background-position":"center center","background-size":"auto","background-attachment":"scroll","background-type":"","background-media":"","overlay-type":"","overlay-color":"","overlay-opacity":"","overlay-gradient":""},"mobile":{"background-color":"","background-image":"","background-repeat":"repeat","background-position":"center center","background-size":"auto","background-attachment":"scroll","background-type":"","background-media":"","overlay-type":"","overlay-color":"","overlay-opacity":"","overlay-gradient":""}},"ast-content-background-meta":{"desktop":{"background-color":"var(--ast-global-color-5)","background-image":"","background-repeat":"repeat","background-position":"center center","background-size":"auto","background-attachment":"scroll","background-type":"","background-media":"","overlay-type":"","overlay-color":"","overlay-opacity":"","overlay-gradient":""},"tablet":{"background-color":"var(--ast-global-color-5)","background-image":"","background-repeat":"repeat","background-position":"center center","background-size":"auto","background-attachment":"scroll","background-type":"","background-media":"","overlay-type":"","overlay-color":"","overlay-opacity":"","overlay-gradient":""},"mobile":{"background-color":"var(--ast-global-color-5)","background-image":"","background-repeat":"repeat","background-position":"center center","background-size":"auto","background-attachment":"scroll","background-type":"","background-media":"","overlay-type":"","overlay-color":"","overlay-opacity":"","overlay-gradient":""}}},"product_brand":[],"product_cat":[112,27],"product_tag":[109,113],"class_list":{"0":"post-5143","1":"product","2":"type-product","3":"status-publish","4":"has-post-thumbnail","6":"product_cat-spalacze-tluszczu","7":"product_cat-suplementy","8":"product_tag-suplementy","9":"product_tag-spalacz-tluszczu","10":"desktop-align-left","11":"tablet-align-left","12":"mobile-align-left","14":"first","15":"instock","16":"shipping-taxable","17":"purchasable","18":"product-type-simple"},"_links":{"self":[{"href":"https:\/\/fenixteam.pl\/en\/wp-json\/wp\/v2\/product\/5143","targetHints":{"allow":["GET"]}}],"collection":[{"href":"https:\/\/fenixteam.pl\/en\/wp-json\/wp\/v2\/product"}],"about":[{"href":"https:\/\/fenixteam.pl\/en\/wp-json\/wp\/v2\/types\/product"}],"replies":[{"embeddable":true,"href":"https:\/\/fenixteam.pl\/en\/wp-json\/wp\/v2\/comments?post=5143"}],"wp:featuredmedia":[{"embeddable":true,"href":"https:\/\/fenixteam.pl\/en\/wp-json\/wp\/v2\/media\/5148"}],"wp:attachment":[{"href":"https:\/\/fenixteam.pl\/en\/wp-json\/wp\/v2\/media?parent=5143"}],"wp:term":[{"taxonomy":"product_brand","embeddable":true,"href":"https:\/\/fenixteam.pl\/en\/wp-json\/wp\/v2\/product_brand?post=5143"},{"taxonomy":"product_cat","embeddable":true,"href":"https:\/\/fenixteam.pl\/en\/wp-json\/wp\/v2\/product_cat?post=5143"},{"taxonomy":"product_tag","embeddable":true,"href":"https:\/\/fenixteam.pl\/en\/wp-json\/wp\/v2\/product_tag?post=5143"}],"curies":[{"name":"wp","href":"https:\/\/api.w.org\/{rel}","templated":true}]}}