{"id":4870,"date":"2023-10-05T18:31:30","date_gmt":"2023-10-05T16:31:30","guid":{"rendered":"https:\/\/fenixteam.pl\/?post_type=product&#038;p=4870"},"modified":"2025-07-23T09:59:55","modified_gmt":"2025-07-23T07:59:55","slug":"lekcja-pozowania-1-na-1","status":"publish","type":"product","link":"https:\/\/fenixteam.pl\/en\/sklep\/lekcja-pozowania-1-na-1\/","title":{"rendered":"LEKCJA POZOWANIA 1 na 1"},"content":{"rendered":"<p>POZUJ Z WYJ\u0104TKOWYM TRENEREM POZOWANIA &#8211; ZAWODNIK CLASSIC PHYSIQUE NORBERT FENIX TYMCZAK<\/p>\n<p>\u2013 do\u015bwiadczenie w nauce pozowania oraz budowaniu wizerunku scenicznego zawodnik\u00f3w od 2015 r.<\/p>\n<p>\u2013 wszystkie federacje<\/p>\n<p>\u2013 kategorie m\u0119skie: kulturystyka klasyczna (Classic Physique), kulturystyka (Bodybuilding)<\/p>\n<p>&#8211; kategorie kobiece: Figure \/ Body Fitness, Womens Physique, Womens Bodybuilding<\/p>\n<p>\u2013 indywidualne podej\u015bcie<\/p>\n<p>\u2013 dob\u00f3r p\u00f3z obowi\u0105zkowych do wygl\u0105du sylwetki (pod k\u0105tem wad i zalet sylwetki)<\/p>\n<p>\u2013 pomoc w wyborze federacji oraz kategorii startowej pod k\u0105tem budowy i predyspozycji sylwetki<\/p>\n<p>\u2013 przej\u015bcia oraz zwroty\u00a0 mi\u0119dzy pozami<\/p>\n<p>\u2013 pomoc w tworzeniu uk\u0142adu indywidualnego i prezentacji<\/p>\n<p>\u2013 nauka pozowania wg kryteri\u00f3w oceny s\u0119dziowskiej<\/p>\n<p>\u2013 eliminowanie najcz\u0119\u015bciej pope\u0142nianych b\u0142\u0119d\u00f3w podczas pozowania<\/p>\n<p>&nbsp;<\/p>\n<ul>\n<li>Lekcja indywidualna na prywatnej, profesjonalnie przygotowanej salce do pozowania w Poznaniu trwa 1 godzin\u0119<\/li>\n<\/ul>\n","protected":false},"excerpt":{"rendered":"<p>POZUJ Z WYJ\u0104TKOWYM TRENEREM POZOWANIA &#8211; ZAWODNIK CLASSIC PHYSIQUE NORBERT FENIX TYMCZAK \u2013 do\u015bwiadczenie w nauce pozowania oraz budowaniu wizerunku scenicznego zawodnik\u00f3w od 2015 r. \u2013 wszystkie federacje \u2013 kategorie m\u0119skie: kulturystyka klasyczna (Classic Physique), kulturystyka (Bodybuilding) &#8211; kategorie kobiece: Figure \/ Body Fitness, Womens Physique, Womens Bodybuilding \u2013 indywidualne podej\u015bcie \u2013 dob\u00f3r p\u00f3z obowi\u0105zkowych [&hellip;]<\/p>\n","protected":false},"featured_media":4871,"comment_status":"open","ping_status":"closed","template":"","meta":{"inline_featured_image":false,"site-sidebar-layout":"default","site-content-layout":"","ast-site-content-layout":"default","site-content-style":"default","site-sidebar-style":"default","ast-global-header-display":"","ast-banner-title-visibility":"","ast-main-header-display":"","ast-hfb-above-header-display":"","ast-hfb-below-header-display":"","ast-hfb-mobile-header-display":"","site-post-title":"","ast-breadcrumbs-content":"","ast-featured-img":"","footer-sml-layout":"","ast-disable-related-posts":"","theme-transparent-header-meta":"default","adv-header-id-meta":"","stick-header-meta":"","header-above-stick-meta":"","header-main-stick-meta":"","header-below-stick-meta":"","astra-migrate-meta-layouts":"set","ast-page-background-enabled":"default","ast-page-background-meta":{"desktop":{"background-color":"var(--ast-global-color-4)","background-image":"","background-repeat":"repeat","background-position":"center center","background-size":"auto","background-attachment":"scroll","background-type":"","background-media":"","overlay-type":"","overlay-color":"","overlay-opacity":"","overlay-gradient":""},"tablet":{"background-color":"","background-image":"","background-repeat":"repeat","background-position":"center center","background-size":"auto","background-attachment":"scroll","background-type":"","background-media":"","overlay-type":"","overlay-color":"","overlay-opacity":"","overlay-gradient":""},"mobile":{"background-color":"","background-image":"","background-repeat":"repeat","background-position":"center center","background-size":"auto","background-attachment":"scroll","background-type":"","background-media":"","overlay-type":"","overlay-color":"","overlay-opacity":"","overlay-gradient":""}},"ast-content-background-meta":{"desktop":{"background-color":"var(--ast-global-color-5)","background-image":"","background-repeat":"repeat","background-position":"center center","background-size":"auto","background-attachment":"scroll","background-type":"","background-media":"","overlay-type":"","overlay-color":"","overlay-opacity":"","overlay-gradient":""},"tablet":{"background-color":"var(--ast-global-color-5)","background-image":"","background-repeat":"repeat","background-position":"center center","background-size":"auto","background-attachment":"scroll","background-type":"","background-media":"","overlay-type":"","overlay-color":"","overlay-opacity":"","overlay-gradient":""},"mobile":{"background-color":"var(--ast-global-color-5)","background-image":"","background-repeat":"repeat","background-position":"center center","background-size":"auto","background-attachment":"scroll","background-type":"","background-media":"","overlay-type":"","overlay-color":"","overlay-opacity":"","overlay-gradient":""}}},"product_brand":[],"product_cat":[19],"product_tag":[],"class_list":{"0":"post-4870","1":"product","2":"type-product","3":"status-publish","4":"has-post-thumbnail","6":"product_cat-uslugi","7":"desktop-align-left","8":"tablet-align-left","9":"mobile-align-left","11":"first","12":"instock","13":"virtual","14":"purchasable","15":"product-type-simple"},"_links":{"self":[{"href":"https:\/\/fenixteam.pl\/en\/wp-json\/wp\/v2\/product\/4870","targetHints":{"allow":["GET"]}}],"collection":[{"href":"https:\/\/fenixteam.pl\/en\/wp-json\/wp\/v2\/product"}],"about":[{"href":"https:\/\/fenixteam.pl\/en\/wp-json\/wp\/v2\/types\/product"}],"replies":[{"embeddable":true,"href":"https:\/\/fenixteam.pl\/en\/wp-json\/wp\/v2\/comments?post=4870"}],"wp:featuredmedia":[{"embeddable":true,"href":"https:\/\/fenixteam.pl\/en\/wp-json\/wp\/v2\/media\/4871"}],"wp:attachment":[{"href":"https:\/\/fenixteam.pl\/en\/wp-json\/wp\/v2\/media?parent=4870"}],"wp:term":[{"taxonomy":"product_brand","embeddable":true,"href":"https:\/\/fenixteam.pl\/en\/wp-json\/wp\/v2\/product_brand?post=4870"},{"taxonomy":"product_cat","embeddable":true,"href":"https:\/\/fenixteam.pl\/en\/wp-json\/wp\/v2\/product_cat?post=4870"},{"taxonomy":"product_tag","embeddable":true,"href":"https:\/\/fenixteam.pl\/en\/wp-json\/wp\/v2\/product_tag?post=4870"}],"curies":[{"name":"wp","href":"https:\/\/api.w.org\/{rel}","templated":true}]}}