{"id":1405,"date":"2022-05-18T18:54:26","date_gmt":"2022-05-18T16:54:26","guid":{"rendered":"https:\/\/fenixteam.pl\/?post_type=product&#038;p=1405"},"modified":"2024-10-01T14:52:16","modified_gmt":"2024-10-01T12:52:16","slug":"legginsy-fenix-team","status":"publish","type":"product","link":"https:\/\/fenixteam.pl\/en\/sklep\/legginsy-fenix-team\/","title":{"rendered":"LEGGINSY FENIX TEAM"},"content":{"rendered":"","protected":false},"excerpt":{"rendered":"<p><span class=\"VIiyi\" lang=\"en\" xml:lang=\"en\"><span class=\"JLqJ4b ChMk0b\">Kr\u00f3j: wysoki stan (zw\u0119\u017caj\u0105cy optycznie tali\u0119),\u00a0 d\u0142ugie nogawki<\/span><\/span><\/p>\n<p>Materia\u0142: MoreDry 250 gr\/m2 Premium<\/p>\n<p>Szwy: 6 nitkowy szew p\u0142aski.<\/p>\n<p>Nadruk DPS, Nie wyczuwalny w dotyku, odporny na pranie.<\/p>\n<p>&nbsp;<\/p>\n<p><strong>Tabela rozmiarowa damska\u00a0<\/strong><strong><span class=\"VIiyi\" lang=\"en\" xml:lang=\"en\"><span class=\"JLqJ4b ChMk0b\">\u00a0+-2 cm<\/span><\/span><\/strong><\/p>\n<p>(A) &#8211; wzrost<\/p>\n<p>(B) &#8211; obw\u00f3d pasa przy minimalnym i maksymalnym rozci\u0105gni\u0119ciu<\/p>\n<p>(C) &#8211; obw\u00f3d bioder przy minimalnym i maksymalnym rozci\u0105gni\u0119ciu<\/p>\n<p><strong><img fetchpriority=\"high\" decoding=\"async\" src=\"https:\/\/www.hightype.eu\/img\/cms\/549x219xspodnie,P20kompresyjne,P20damskie.jpg.pagespeed.ic.oeNdw_HTNT.webp\" alt=\"spodnie%20kompresyjne%20damskie.jpg\" width=\"549\" height=\"219\" data-pagespeed-url-hash=\"3956173773\" \/><\/strong><\/p>\n","protected":false},"featured_media":1412,"comment_status":"open","ping_status":"closed","template":"","meta":{"site-sidebar-layout":"default","site-content-layout":"default","ast-site-content-layout":"default","site-content-style":"default","site-sidebar-style":"default","ast-global-header-display":"","ast-banner-title-visibility":"","ast-main-header-display":"","ast-hfb-above-header-display":"","ast-hfb-below-header-display":"","ast-hfb-mobile-header-display":"","site-post-title":"","ast-breadcrumbs-content":"","ast-featured-img":"","footer-sml-layout":"","ast-disable-related-posts":"","theme-transparent-header-meta":"default","adv-header-id-meta":"","stick-header-meta":"","header-above-stick-meta":"","header-main-stick-meta":"","header-below-stick-meta":"","astra-migrate-meta-layouts":"set","ast-page-background-enabled":"default","ast-page-background-meta":{"desktop":{"background-color":"var(--ast-global-color-4)","background-image":"","background-repeat":"repeat","background-position":"center center","background-size":"auto","background-attachment":"scroll","background-type":"","background-media":"","overlay-type":"","overlay-color":"","overlay-opacity":"","overlay-gradient":""},"tablet":{"background-color":"","background-image":"","background-repeat":"repeat","background-position":"center center","background-size":"auto","background-attachment":"scroll","background-type":"","background-media":"","overlay-type":"","overlay-color":"","overlay-opacity":"","overlay-gradient":""},"mobile":{"background-color":"","background-image":"","background-repeat":"repeat","background-position":"center center","background-size":"auto","background-attachment":"scroll","background-type":"","background-media":"","overlay-type":"","overlay-color":"","overlay-opacity":"","overlay-gradient":""}},"ast-content-background-meta":{"desktop":{"background-color":"var(--ast-global-color-5)","background-image":"","background-repeat":"repeat","background-position":"center center","background-size":"auto","background-attachment":"scroll","background-type":"","background-media":"","overlay-type":"","overlay-color":"","overlay-opacity":"","overlay-gradient":""},"tablet":{"background-color":"var(--ast-global-color-5)","background-image":"","background-repeat":"repeat","background-position":"center center","background-size":"auto","background-attachment":"scroll","background-type":"","background-media":"","overlay-type":"","overlay-color":"","overlay-opacity":"","overlay-gradient":""},"mobile":{"background-color":"var(--ast-global-color-5)","background-image":"","background-repeat":"repeat","background-position":"center center","background-size":"auto","background-attachment":"scroll","background-type":"","background-media":"","overlay-type":"","overlay-color":"","overlay-opacity":"","overlay-gradient":""}}},"product_brand":[],"product_cat":[63,49,61],"product_tag":[64,65],"class_list":{"0":"post-1405","1":"product","2":"type-product","3":"status-publish","4":"has-post-thumbnail","6":"product_cat-legginsy","7":"product_cat-odziez-damska","8":"product_cat-sale","9":"product_tag-legginsy","10":"product_tag-trening","11":"desktop-align-left","12":"tablet-align-left","13":"mobile-align-left","15":"first","16":"instock","17":"sale","18":"shipping-taxable","19":"purchasable","20":"product-type-variable"},"_links":{"self":[{"href":"https:\/\/fenixteam.pl\/en\/wp-json\/wp\/v2\/product\/1405","targetHints":{"allow":["GET"]}}],"collection":[{"href":"https:\/\/fenixteam.pl\/en\/wp-json\/wp\/v2\/product"}],"about":[{"href":"https:\/\/fenixteam.pl\/en\/wp-json\/wp\/v2\/types\/product"}],"replies":[{"embeddable":true,"href":"https:\/\/fenixteam.pl\/en\/wp-json\/wp\/v2\/comments?post=1405"}],"wp:featuredmedia":[{"embeddable":true,"href":"https:\/\/fenixteam.pl\/en\/wp-json\/wp\/v2\/media\/1412"}],"wp:attachment":[{"href":"https:\/\/fenixteam.pl\/en\/wp-json\/wp\/v2\/media?parent=1405"}],"wp:term":[{"taxonomy":"product_brand","embeddable":true,"href":"https:\/\/fenixteam.pl\/en\/wp-json\/wp\/v2\/product_brand?post=1405"},{"taxonomy":"product_cat","embeddable":true,"href":"https:\/\/fenixteam.pl\/en\/wp-json\/wp\/v2\/product_cat?post=1405"},{"taxonomy":"product_tag","embeddable":true,"href":"https:\/\/fenixteam.pl\/en\/wp-json\/wp\/v2\/product_tag?post=1405"}],"curies":[{"name":"wp","href":"https:\/\/api.w.org\/{rel}","templated":true}]}}